{"id":121,"date":"2019-08-08T07:05:42","date_gmt":"2019-08-08T07:05:42","guid":{"rendered":"https:\/\/tierschutzstiftungen.de\/?page_id=121"},"modified":"2019-10-25T08:59:03","modified_gmt":"2019-10-25T08:59:03","slug":"flugpate","status":"publish","type":"page","link":"https:\/\/tierschutzstiftungen.de\/en\/help\/flight-sponsor\/","title":{"rendered":"Flight sponsor"},"content":{"rendered":"<section id=\"section-9-121\" class=\" ct-section\" style=\"background-image:url(https:\/\/tierschutzstiftungen.de\/wp-content\/uploads\/flugpate-flugpatenschaft.jpg);background-size: cover;\" ><div class=\"ct-section-inner-wrap\"><div id=\"div_block-10-121\" class=\"ct-div-block headerdiv\" ><h1 id=\"headline-11-121\" class=\"ct-headline atomic-primary-heading\">Flugpate<\/h1><div id=\"text_block-12-121\" class=\"ct-text-block atomic-subheading\" >Komm und flieg mit mir...<\/div><\/div><\/div><\/section><section id=\"section-13-121\" class=\" ct-section contentsheet-section\" ><div class=\"ct-section-inner-wrap\"><div id=\"div_block-14-121\" class=\"ct-div-block contentsheet-wrapper\" ><div id=\"_rich_text-6-121\" class=\"oxy-rich-text\" ><p>Verbringen Sie Ihren Urlaub auf Mallorca und wollen gerne etwas Gutes tun? Sie k\u00f6nnen uns mit einer Flugpatenschaft unterst\u00fctzen. Mithilfe von Flugpatenschaften haben unsere Tiere die Chance auf ein angenehmeres Leben in Deutschland bei einem lieben Menschen.<\/p>\n<p>Flugpaten nehmen ein Tier mit auf die Reise, damit dieses auf den Namen des Urlaubers und in einer geeigneten Tiertransportbox im Frachtraum des Flugzeugs oder, bei kleinen Hunden oder Katzen, im Passagierraum mitreisen kann. Dies ist f\u00fcr den Flugpaten kostenlos. Alle Mehrkosten f\u00fcr die Bef\u00f6rderung werden von der Herbert und Maria Welter Tierstiftung \u00fcbernommen.<br \/>Die Organisation der Flugpatenschaft, im Vorfeld erforderliche Untersuchungen, Impfungen und die ben\u00f6tigten Papiere sowie das Einchecken am Flughafen wird von uns als Stiftung \u00fcbernommen. In Deutschland angekommen bringen Sie das Tier dann zum vereinbarten Ort.<\/p>\n<p>Wir bieten Ihnen verschiedene Optionen an:<\/p>\n<p><strong>Unsere Webseite:\u00a0 <\/strong><\/p>\n<ol>\n<li>Unter\u00a0<a href=\"http:\/\/www.tierstiftung.de\">tierstiftung.de<\/a> anmelden.<\/li>\n<li>Das Formular unter Fluganmeldung ausf\u00fcllen und absenden.<\/li>\n<li>Fertig: Ihre Flugstrecke ist im Bereich Flugangebote sichtbar und kann von registrierten Tierschutzorganisationen eingesehen werden.<\/li>\n<li>Wir melden uns dann bei Ihnen.<\/li>\n<\/ol>\n<p><strong>Facebook<\/strong><strong>:<\/strong> (Bei einer anderen Webseite gab es ein Facebookangebot \u2013 Hat die Tierstiftung Facebook? Dann k\u00f6nnte man ja Folgendes anbieten: )<\/p>\n<p>Sie k\u00f6nnen Ihren Flug \u00fcber Facebook anbieten, das geht schnell und hat den Vorteil, dass Ihr Angebot auch geteilt werden kann und eine gr\u00f6\u00dfere Reichweite erzielt.<br \/>Auf\u00a0www.faceboook.com\/tierstiftungflugpaten\u00a0\u201eNachricht senden\" anklicken und Flugstrecke, Name der Airline, Anzahl der Reisenden und Datum angeben.<\/p>\n<p><strong>Kosten:<\/strong><\/p>\n<p>Auch hier noch einmal: Es kommen keinerlei Kosten auf einen Flugpaten zu. Die Geb\u00fchren f\u00fcr \u00dcbergep\u00e4ck bei Hilfsg\u00fctern oder den Tiertransport werden von den Vereinen bezahlt.<\/p>\n<h4>Aufwand:<\/h4>\n<h4>Eine Flugpatenschaft erfordert in der Regel wenig Aufwand, aber ein bisschen eben schon. Die Anmeldung f\u00fcr ein Tier bei der Airline wird in der Regel von den Vereinen \u00fcbernommen. Die Tiersch\u00fctzer bringen Ihnen das Tier p\u00fcnktlich zum Flughafen, checken das Tier mit Ihnen ein und \u00fcbergeben Ihnen alle Papiere.<\/h4>\n<p>Nach Ankunft holen Sie das Tier am Sondergep\u00e4ckschalter ab. Diese sind in der Regel gut ausgeschildert und nahe den Kofferb\u00e4ndern, Sie kommen quasi beim Rausgehen daran vorbei. Nun bringen Sie das Tier zum vorher vereinbarten Zielort.<\/p>\n<p><strong>Flugstrecken:<\/strong><\/p>\n<p>Zurzeit engagieren wir uns vor allem auf Mallorca. Das bedeutet, dass Sie uns ein willkommenes Angebot machen, wenn Sie sich als Flugpate f\u00fcr die Strecke Mallorca \u2013 Deutschland melden.<br \/>K\u00fcnftig werden wir allerdings auch andernorts arbeiten. Verfolgen Sie einfach das Geschehen auf unseren Kan\u00e4len. Generell ist es immer sinnvoll den Kontakt mit uns zu suchen, wenn Sie eine Reise unternehmen. Fliegen Sie allerdings mit Billiganbietern, dann m\u00fcssen wir genau pr\u00fcfen, ob eine Flugpatenschaft m\u00f6glich ist. Easyjet und Ryanair transportieren beispielsweise keine Tiere.<\/p><\/div><\/div><\/div><\/section><section id=\"section-56-68\" class=\" ct-section\" ><div class=\"ct-section-inner-wrap\"><div id=\"new_columns-57-68\" class=\"ct-new-columns\" ><div id=\"div_block-58-68\" class=\"ct-div-block\" ><h2 id=\"headline-59-68\" class=\"ct-headline atomic-secondary-heading\">Kontakt<\/h2><div id=\"text_block-60-68\" class=\"ct-text-block atomic-subheading\" >Bei Fragen oder dem Wunsch zu helfen, z\u00f6gern Sie nicht mit uns Kontakt aufzunehmen!&nbsp;<br>Wir freuen uns jederzeit \u00fcber Ihre Hilfe!<\/div><div id=\"div_block-61-68\" class=\"ct-div-block atomic-contact-10-wrapper\" ><div id=\"fancy_icon-62-68\" class=\"ct-fancy-icon atomic-contact-10-icon\" ><svg id=\"svg-fancy_icon-62-68\"><use xlink:href=\"#FontAwesomeicon-phone-square\"><\/use><\/svg><\/div><a id=\"link_text-132-68\" class=\"ct-link-text\" href=\"tel:+4922860889848\" target=\"_self\"  >+49 228 60889-848<\/a><\/div><div id=\"div_block-64-68\" class=\"ct-div-block atomic-contact-10-wrapper\" ><div id=\"fancy_icon-65-68\" class=\"ct-fancy-icon atomic-contact-10-icon\" ><svg id=\"svg-fancy_icon-65-68\"><use xlink:href=\"#FontAwesomeicon-envelope\"><\/use><\/svg><\/div><a id=\"link_text-66-68\" class=\"ct-link-text\" href=\"mailto:support@example.com\" target=\"_self\"  >info@tierschutzstiftungen.de<\/a><\/div><h3 id=\"headline-67-68\" class=\"ct-headline atomic-tritary-heading\">Adresse<\/h3><div id=\"text_block-68-68\" class=\"ct-text-block atomic-contact-10-text\" >Herbert und Maria Welter<br>Tierschutzstiftung<br>Am Weiher 13<br>D-53229 Bonn<\/div><\/div><div id=\"div_block-71-68\" class=\"ct-div-block\" ><h3 id=\"headline-72-68\" class=\"ct-headline atomic-tritary-heading\">Kontaktformular<\/h3><div id=\"div_block-74-68\" class=\"ct-div-block\" ><div id=\"shortcode-23-174\" class=\"ct-shortcode\" ><div class='fluentform ff-default fluentform_wrapper_1 ffs_default_wrap'><form data-form_id=\"1\" id=\"fluentform_1\" class=\"frm-fluent-form fluent_form_1 ff-el-form-top ff_form_instance_1_1 ff-form-loading ffs_default\" data-form_instance=\"ff_form_instance_1_1\" method=\"POST\" ><fieldset  style=\"border: none!important;margin: 0!important;padding: 0!important;background-color: transparent!important;box-shadow: none!important;outline: none!important; min-inline-size: 100%;\">\n                    <legend class=\"ff_screen_reader_title\" style=\"display: block; margin: 0!important;padding: 0!important;height: 0!important;text-indent: -999999px;width: 0!important;overflow:hidden;\">Kontaktformular<\/legend>        <div\n                style=\"display: none!important; position: absolute!important; transform: translateX(1000%)!important;\"\n                class=\"ff-el-group ff-hpsf-container\"\n        >\n            <div class=\"ff-el-input--label asterisk-right\">\n                <label for=\"ff_1_item_sf\" aria-label=\"Contact\">\n                    Contact                <\/label>\n            <\/div>\n            <div class=\"ff-el-input--content\">\n                <input type=\"text\"\n                       name=\"item_1__fluent_sf\"\n                       class=\"ff-el-form-control\"\n                       id=\"ff_1_item_sf\"\n                \/>\n            <\/div>\n        <\/div>\n        <input type='hidden' name='__fluent_form_embded_post_id' value='121' \/><input type=\"hidden\" id=\"_fluentform_1_fluentformnonce\" name=\"_fluentform_1_fluentformnonce\" value=\"4e26190645\" \/><input type=\"hidden\" name=\"_wp_http_referer\" value=\"\/en\/wp-json\/wp\/v2\/pages\/121\" \/><div data-type=\"name-element\" data-name=\"names\" class=\" ff-field_container ff-name-field-wrapper\" ><div class='ff-t-container'><div class='ff-t-cell '><div class='ff-el-group'><div class=\"ff-el-input--label ff-el-is-required asterisk-left\"><label for='ff_1_names_first_name_' id='label_ff_1_names_first_name_' >Vorname<\/label><\/div><div class='ff-el-input--content'><input type=\"text\" name=\"names[first_name]\" id=\"ff_1_names_first_name_\" class=\"ff-el-form-control\" placeholder=\"Vorname\" aria-invalid=\"false\" aria-required=true><\/div><\/div><\/div><div class='ff-t-cell '><div class='ff-el-group'><div class=\"ff-el-input--label ff-el-is-required asterisk-left\"><label for='ff_1_names_last_name_' id='label_ff_1_names_last_name_' >Nachname<\/label><\/div><div class='ff-el-input--content'><input type=\"text\" name=\"names[last_name]\" id=\"ff_1_names_last_name_\" class=\"ff-el-form-control\" placeholder=\"Nachname\" aria-invalid=\"false\" aria-required=true><\/div><\/div><\/div><\/div><\/div><div class='ff-el-group'><div class=\"ff-el-input--label ff-el-is-required asterisk-left\"><label for='ff_1_email' id='label_ff_1_email' aria-label=\"E-Mail\">E-Mail<\/label><\/div><div class='ff-el-input--content'><input type=\"email\" name=\"email\" id=\"ff_1_email\" class=\"ff-el-form-control\" placeholder=\"E-Mail Adresse\" data-name=\"email\"  aria-invalid=\"false\" aria-required=true><\/div><\/div><div class='ff-el-group'><div class=\"ff-el-input--label ff-el-is-required asterisk-left\"><label for='ff_1_subject' id='label_ff_1_subject' aria-label=\"Betreff\">Betreff<\/label><\/div><div class='ff-el-input--content'><input type=\"text\" name=\"subject\" class=\"ff-el-form-control\" placeholder=\"Betreff\" data-name=\"subject\" id=\"ff_1_subject\"  aria-invalid=\"false\" aria-required=true><\/div><\/div><div class='ff-el-group'><div class=\"ff-el-input--label ff-el-is-required asterisk-left\"><label for='ff_1_message' id='label_ff_1_message' aria-label=\"Ihre Nachricht\">Ihre Nachricht<\/label><\/div><div class='ff-el-input--content'><textarea aria-required=\"true\" aria-labelledby=\"label_ff_1_message\" name=\"message\" id=\"ff_1_message\" class=\"ff-el-form-control\" placeholder=\"Nachricht\" rows=\"6\" cols=\"2\" data-name=\"message\" ><\/textarea><\/div><\/div><div class='ff-el-group    ff-el-input--content'><div class='ff-el-form-check ff-el-tc'><label aria-label='Terms and Conditions: Ich stimme der Verarbeitung meiner Daten zu. Datenschutzerkl\u00e4rung Contains 1 link. Use tab navigation to review.' class='ff-el-form-check-label ff_tc_label' for=gdpr-agreement_b385d54957a2c29118d7ac69b64fd6cc><span class='ff_tc_checkbox'><input type=\"checkbox\" name=\"gdpr-agreement\" class=\"ff-el-form-check-input ff_gdpr_field\" data-name=\"gdpr-agreement\" id=\"gdpr-agreement_b385d54957a2c29118d7ac69b64fd6cc\"  value='on' aria-invalid='false' aria-required=true><\/span> <div class='ff_t_c'>Ich stimme der Verarbeitung meiner Daten zu. <a href=\"https:\/\/tierschutzstiftungen.de\/datenschutzerklaerung\/\">Datenschutzerkl\u00e4rung<\/a><\/div><\/label><\/div><\/div><div class='ff-el-group ff-text-left ff_submit_btn_wrapper'><button type=\"submit\" class=\"ff-btn ff-btn-submit ff-btn-lg ff_btn_style wpf_has_custom_css\"  aria-label=\"SENDEN\">SENDEN<\/button><\/div><\/fieldset><\/form><div id='fluentform_1_errors' class='ff-errors-in-stack ff_form_instance_1_1 ff-form-loading_errors ff_form_instance_1_1_errors'><\/div><\/div>            <script type=\"text\/javascript\">\n                window.fluent_form_ff_form_instance_1_1 = {\"id\":\"1\",\"ajaxUrl\":\"https:\\\/\\\/tierschutzstiftungen.de\\\/wp-admin\\\/admin-ajax.php\",\"settings\":{\"layout\":{\"labelPlacement\":\"top\",\"helpMessagePlacement\":\"with_label\",\"errorMessagePlacement\":\"inline\",\"asteriskPlacement\":\"asterisk-left\"},\"id\":\"1\",\"restrictions\":{\"denyEmptySubmission\":{\"enabled\":false}}},\"form_instance\":\"ff_form_instance_1_1\",\"form_id_selector\":\"fluentform_1\",\"rules\":{\"names[first_name]\":{\"required\":{\"value\":true,\"message\":\"Erforderliches Feld\"}},\"names[middle_name]\":{\"required\":{\"value\":false,\"message\":\"This field is required\"}},\"names[last_name]\":{\"required\":{\"value\":true,\"message\":\"Erforderliches Feld\"}},\"email\":{\"required\":{\"value\":true,\"message\":\"Erforderliches Feld\"},\"email\":{\"value\":true,\"message\":\"This field must contain a valid email\"}},\"subject\":{\"required\":{\"value\":true,\"message\":\"Erforderliches Feld\"}},\"message\":{\"required\":{\"value\":true,\"message\":\"Erforderliches Feld\"}},\"gdpr-agreement\":{\"required\":{\"value\":true,\"message\":\"This field is required\"}}},\"debounce_time\":300};\n                            <\/script>\n            <\/div><\/div><\/div><\/div><\/div><\/section>","protected":false},"excerpt":{"rendered":"","protected":false},"author":1,"featured_media":0,"parent":105,"menu_order":23,"comment_status":"closed","ping_status":"closed","template":"","meta":{"_acf_changed":false,"footnotes":""},"class_list":["post-121","page","type-page","status-publish","hentry"],"acf":[],"_links":{"self":[{"href":"https:\/\/tierschutzstiftungen.de\/en\/wp-json\/wp\/v2\/pages\/121","targetHints":{"allow":["GET"]}}],"collection":[{"href":"https:\/\/tierschutzstiftungen.de\/en\/wp-json\/wp\/v2\/pages"}],"about":[{"href":"https:\/\/tierschutzstiftungen.de\/en\/wp-json\/wp\/v2\/types\/page"}],"author":[{"embeddable":true,"href":"https:\/\/tierschutzstiftungen.de\/en\/wp-json\/wp\/v2\/users\/1"}],"replies":[{"embeddable":true,"href":"https:\/\/tierschutzstiftungen.de\/en\/wp-json\/wp\/v2\/comments?post=121"}],"version-history":[{"count":0,"href":"https:\/\/tierschutzstiftungen.de\/en\/wp-json\/wp\/v2\/pages\/121\/revisions"}],"up":[{"embeddable":true,"href":"https:\/\/tierschutzstiftungen.de\/en\/wp-json\/wp\/v2\/pages\/105"}],"wp:attachment":[{"href":"https:\/\/tierschutzstiftungen.de\/en\/wp-json\/wp\/v2\/media?parent=121"}],"curies":[{"name":"wp","href":"https:\/\/api.w.org\/{rel}","templated":true}]}}