{"id":129,"date":"2019-08-08T07:07:12","date_gmt":"2019-08-08T07:07:12","guid":{"rendered":"https:\/\/tierschutzstiftungen.de\/?page_id=129"},"modified":"2019-10-25T08:59:13","modified_gmt":"2019-10-25T08:59:13","slug":"projektarbeit","status":"publish","type":"page","link":"https:\/\/tierschutzstiftungen.de\/en\/help\/project-work\/","title":{"rendered":"Project work"},"content":{"rendered":"<section id=\"section-9-129\" class=\" ct-section\" style=\"background-image:url(https:\/\/tierschutzstiftungen.de\/wp-content\/uploads\/001-Katzenhaus-TS002.jpg);background-size: cover;\" ><div class=\"ct-section-inner-wrap\"><div id=\"div_block-10-129\" class=\"ct-div-block headerdiv\" ><h1 id=\"headline-11-129\" class=\"ct-headline atomic-primary-heading\">Projektarbeit<\/h1><div id=\"text_block-12-129\" class=\"ct-text-block atomic-subheading\" >Ehrenamtlich helfen<\/div><\/div><\/div><\/section><section id=\"section-13-129\" class=\" ct-section contentsheet-section\" ><div class=\"ct-section-inner-wrap\"><div id=\"div_block-14-129\" class=\"ct-div-block contentsheet-wrapper\" ><div id=\"_rich_text-6-129\" class=\"oxy-rich-text\" ><p>Packen Sie gern mal an, k\u00f6nnen Sie gut reden und \u00fcberzeugen, haben Sie Talente, und m\u00f6gen Sie noch so klein erscheinen? Melden Sie sich gerne bei uns, wenn Sie sich einbringen m\u00f6chten.<\/p>\n<p>Wir freuen uns immer \u00fcber Helfer am Ort, die Tiere einfangen, aber auch pflegen. Unsere ehrenamtliche Vollzeitmitarbeiterin Elke freut sich \u00fcber ein wenig Entlastung.<\/p>\n<p>Dar\u00fcber hinausgehende Unterst\u00fctzung muss im Einzelfall besprochen werden, aber grunds\u00e4tzlich gilt: Wer helfen will, ist bei uns immer herzlich willkommen.<\/p>\n<p><strong>Melden Sie sich einfach \u00fcber eine der folgenden Kontaktm\u00f6glichkeiten.<\/strong><\/p><\/div><\/div><\/div><\/section><section id=\"section-56-68\" class=\" ct-section\" ><div class=\"ct-section-inner-wrap\"><div id=\"new_columns-57-68\" class=\"ct-new-columns\" ><div id=\"div_block-58-68\" class=\"ct-div-block\" ><h2 id=\"headline-59-68\" class=\"ct-headline atomic-secondary-heading\">Kontakt<\/h2><div id=\"text_block-60-68\" class=\"ct-text-block atomic-subheading\" >Bei Fragen oder dem Wunsch zu helfen, z\u00f6gern Sie nicht mit uns Kontakt aufzunehmen!&nbsp;<br>Wir freuen uns jederzeit \u00fcber Ihre Hilfe!<\/div><div id=\"div_block-61-68\" class=\"ct-div-block atomic-contact-10-wrapper\" ><div id=\"fancy_icon-62-68\" class=\"ct-fancy-icon atomic-contact-10-icon\" ><svg id=\"svg-fancy_icon-62-68\"><use xlink:href=\"#FontAwesomeicon-phone-square\"><\/use><\/svg><\/div><a id=\"link_text-132-68\" class=\"ct-link-text\" href=\"tel:+4922860889848\" target=\"_self\"  >+49 228 60889-848<\/a><\/div><div id=\"div_block-64-68\" class=\"ct-div-block atomic-contact-10-wrapper\" ><div id=\"fancy_icon-65-68\" class=\"ct-fancy-icon atomic-contact-10-icon\" ><svg id=\"svg-fancy_icon-65-68\"><use xlink:href=\"#FontAwesomeicon-envelope\"><\/use><\/svg><\/div><a id=\"link_text-66-68\" class=\"ct-link-text\" href=\"mailto:support@example.com\" target=\"_self\"  >info@tierschutzstiftungen.de<\/a><\/div><h3 id=\"headline-67-68\" class=\"ct-headline atomic-tritary-heading\">Adresse<\/h3><div id=\"text_block-68-68\" class=\"ct-text-block atomic-contact-10-text\" >Herbert und Maria Welter<br>Tierschutzstiftung<br>Am Weiher 13<br>D-53229 Bonn<\/div><\/div><div id=\"div_block-71-68\" class=\"ct-div-block\" ><h3 id=\"headline-72-68\" class=\"ct-headline atomic-tritary-heading\">Kontaktformular<\/h3><div id=\"div_block-74-68\" class=\"ct-div-block\" ><div id=\"shortcode-23-174\" class=\"ct-shortcode\" ><div class='fluentform ff-default fluentform_wrapper_1 ffs_default_wrap'><form data-form_id=\"1\" id=\"fluentform_1\" class=\"frm-fluent-form fluent_form_1 ff-el-form-top ff_form_instance_1_1 ff-form-loading ffs_default\" data-form_instance=\"ff_form_instance_1_1\" method=\"POST\" ><fieldset  style=\"border: none!important;margin: 0!important;padding: 0!important;background-color: transparent!important;box-shadow: none!important;outline: none!important; min-inline-size: 100%;\">\n                    <legend class=\"ff_screen_reader_title\" style=\"display: block; margin: 0!important;padding: 0!important;height: 0!important;text-indent: -999999px;width: 0!important;overflow:hidden;\">Kontaktformular<\/legend>        <div\n                style=\"display: none!important; position: absolute!important; transform: translateX(1000%)!important;\"\n                class=\"ff-el-group ff-hpsf-container\"\n        >\n            <div class=\"ff-el-input--label asterisk-right\">\n                <label for=\"ff_1_item_sf\" aria-label=\"Subscribe\">\n                    Subscribe                <\/label>\n            <\/div>\n            <div class=\"ff-el-input--content\">\n                <input type=\"text\"\n                       name=\"item_1__fluent_sf\"\n                       class=\"ff-el-form-control\"\n                       id=\"ff_1_item_sf\"\n                \/>\n            <\/div>\n        <\/div>\n        <input type='hidden' name='__fluent_form_embded_post_id' value='129' \/><input type=\"hidden\" id=\"_fluentform_1_fluentformnonce\" name=\"_fluentform_1_fluentformnonce\" value=\"1dc1e9b4ab\" \/><input type=\"hidden\" name=\"_wp_http_referer\" value=\"\/en\/wp-json\/wp\/v2\/pages\/129\" \/><div data-type=\"name-element\" data-name=\"names\" class=\" ff-field_container ff-name-field-wrapper\" ><div class='ff-t-container'><div class='ff-t-cell '><div class='ff-el-group'><div class=\"ff-el-input--label ff-el-is-required asterisk-left\"><label for='ff_1_names_first_name_' id='label_ff_1_names_first_name_' >Vorname<\/label><\/div><div class='ff-el-input--content'><input type=\"text\" name=\"names[first_name]\" id=\"ff_1_names_first_name_\" class=\"ff-el-form-control\" placeholder=\"Vorname\" aria-invalid=\"false\" aria-required=true><\/div><\/div><\/div><div class='ff-t-cell '><div class='ff-el-group'><div class=\"ff-el-input--label ff-el-is-required asterisk-left\"><label for='ff_1_names_last_name_' id='label_ff_1_names_last_name_' >Nachname<\/label><\/div><div class='ff-el-input--content'><input type=\"text\" name=\"names[last_name]\" id=\"ff_1_names_last_name_\" class=\"ff-el-form-control\" placeholder=\"Nachname\" aria-invalid=\"false\" aria-required=true><\/div><\/div><\/div><\/div><\/div><div class='ff-el-group'><div class=\"ff-el-input--label ff-el-is-required asterisk-left\"><label for='ff_1_email' id='label_ff_1_email' aria-label=\"E-Mail\">E-Mail<\/label><\/div><div class='ff-el-input--content'><input type=\"email\" name=\"email\" id=\"ff_1_email\" class=\"ff-el-form-control\" placeholder=\"E-Mail Adresse\" data-name=\"email\"  aria-invalid=\"false\" aria-required=true><\/div><\/div><div class='ff-el-group'><div class=\"ff-el-input--label ff-el-is-required asterisk-left\"><label for='ff_1_subject' id='label_ff_1_subject' aria-label=\"Betreff\">Betreff<\/label><\/div><div class='ff-el-input--content'><input type=\"text\" name=\"subject\" class=\"ff-el-form-control\" placeholder=\"Betreff\" data-name=\"subject\" id=\"ff_1_subject\"  aria-invalid=\"false\" aria-required=true><\/div><\/div><div class='ff-el-group'><div class=\"ff-el-input--label ff-el-is-required asterisk-left\"><label for='ff_1_message' id='label_ff_1_message' aria-label=\"Ihre Nachricht\">Ihre Nachricht<\/label><\/div><div class='ff-el-input--content'><textarea aria-required=\"true\" aria-labelledby=\"label_ff_1_message\" name=\"message\" id=\"ff_1_message\" class=\"ff-el-form-control\" placeholder=\"Nachricht\" rows=\"6\" cols=\"2\" data-name=\"message\" ><\/textarea><\/div><\/div><div class='ff-el-group    ff-el-input--content'><div class='ff-el-form-check ff-el-tc'><label aria-label='Terms and Conditions: Ich stimme der Verarbeitung meiner Daten zu. Datenschutzerkl\u00e4rung Contains 1 link. Use tab navigation to review.' class='ff-el-form-check-label ff_tc_label' for=gdpr-agreement_d50a180c4da1897ed7afb64612c5636a><span class='ff_tc_checkbox'><input type=\"checkbox\" name=\"gdpr-agreement\" class=\"ff-el-form-check-input ff_gdpr_field\" data-name=\"gdpr-agreement\" id=\"gdpr-agreement_d50a180c4da1897ed7afb64612c5636a\"  value='on' aria-invalid='false' aria-required=true><\/span> <div class='ff_t_c'>Ich stimme der Verarbeitung meiner Daten zu. <a href=\"https:\/\/tierschutzstiftungen.de\/datenschutzerklaerung\/\">Datenschutzerkl\u00e4rung<\/a><\/div><\/label><\/div><\/div><div class='ff-el-group ff-text-left ff_submit_btn_wrapper'><button type=\"submit\" class=\"ff-btn ff-btn-submit ff-btn-lg ff_btn_style wpf_has_custom_css\"  aria-label=\"SENDEN\">SENDEN<\/button><\/div><\/fieldset><\/form><div id='fluentform_1_errors' class='ff-errors-in-stack ff_form_instance_1_1 ff-form-loading_errors ff_form_instance_1_1_errors'><\/div><\/div>            <script type=\"text\/javascript\">\n                window.fluent_form_ff_form_instance_1_1 = {\"id\":\"1\",\"ajaxUrl\":\"https:\\\/\\\/tierschutzstiftungen.de\\\/wp-admin\\\/admin-ajax.php\",\"settings\":{\"layout\":{\"labelPlacement\":\"top\",\"helpMessagePlacement\":\"with_label\",\"errorMessagePlacement\":\"inline\",\"asteriskPlacement\":\"asterisk-left\"},\"id\":\"1\",\"restrictions\":{\"denyEmptySubmission\":{\"enabled\":false}}},\"form_instance\":\"ff_form_instance_1_1\",\"form_id_selector\":\"fluentform_1\",\"rules\":{\"names[first_name]\":{\"required\":{\"value\":true,\"message\":\"Erforderliches Feld\"}},\"names[middle_name]\":{\"required\":{\"value\":false,\"message\":\"This field is required\"}},\"names[last_name]\":{\"required\":{\"value\":true,\"message\":\"Erforderliches Feld\"}},\"email\":{\"required\":{\"value\":true,\"message\":\"Erforderliches Feld\"},\"email\":{\"value\":true,\"message\":\"This field must contain a valid email\"}},\"subject\":{\"required\":{\"value\":true,\"message\":\"Erforderliches Feld\"}},\"message\":{\"required\":{\"value\":true,\"message\":\"Erforderliches Feld\"}},\"gdpr-agreement\":{\"required\":{\"value\":true,\"message\":\"This field is required\"}}},\"debounce_time\":300};\n                            <\/script>\n            <\/div><\/div><\/div><\/div><\/div><\/section>","protected":false},"excerpt":{"rendered":"","protected":false},"author":1,"featured_media":0,"parent":105,"menu_order":25,"comment_status":"closed","ping_status":"closed","template":"","meta":{"_acf_changed":false,"footnotes":""},"class_list":["post-129","page","type-page","status-publish","hentry"],"acf":[],"_links":{"self":[{"href":"https:\/\/tierschutzstiftungen.de\/en\/wp-json\/wp\/v2\/pages\/129","targetHints":{"allow":["GET"]}}],"collection":[{"href":"https:\/\/tierschutzstiftungen.de\/en\/wp-json\/wp\/v2\/pages"}],"about":[{"href":"https:\/\/tierschutzstiftungen.de\/en\/wp-json\/wp\/v2\/types\/page"}],"author":[{"embeddable":true,"href":"https:\/\/tierschutzstiftungen.de\/en\/wp-json\/wp\/v2\/users\/1"}],"replies":[{"embeddable":true,"href":"https:\/\/tierschutzstiftungen.de\/en\/wp-json\/wp\/v2\/comments?post=129"}],"version-history":[{"count":0,"href":"https:\/\/tierschutzstiftungen.de\/en\/wp-json\/wp\/v2\/pages\/129\/revisions"}],"up":[{"embeddable":true,"href":"https:\/\/tierschutzstiftungen.de\/en\/wp-json\/wp\/v2\/pages\/105"}],"wp:attachment":[{"href":"https:\/\/tierschutzstiftungen.de\/en\/wp-json\/wp\/v2\/media?parent=129"}],"curies":[{"name":"wp","href":"https:\/\/api.w.org\/{rel}","templated":true}]}}