{"id":200,"date":"2019-09-12T20:53:07","date_gmt":"2019-09-12T20:53:07","guid":{"rendered":"https:\/\/tierschutzstiftungen.de\/?page_id=200"},"modified":"2020-06-15T07:00:50","modified_gmt":"2020-06-15T07:00:50","slug":"futterstellen","status":"publish","type":"page","link":"https:\/\/tierschutzstiftungen.de\/en\/projects\/feeding-stations\/","title":{"rendered":"Feeding stations"},"content":{"rendered":"<section id=\"section-21-200\" class=\" ct-section\" style=\"background-image:url(https:\/\/tierschutzstiftungen.de\/wp-content\/uploads\/kater-pedro-futterstellen.jpg);background-size: cover;\" ><div class=\"ct-section-inner-wrap\"><div id=\"div_block-22-200\" class=\"ct-div-block headerdiv\" ><h1 id=\"headline-23-200\" class=\"ct-headline atomic-primary-heading\">Futterstellen<\/h1><div id=\"text_block-24-200\" class=\"ct-text-block atomic-subheading\" >Kater Pedro soll nicht hungern<\/div><\/div><\/div><\/section><section id=\"section-25-200\" class=\" ct-section contentsheet-section\" ><div class=\"ct-section-inner-wrap\"><div id=\"div_block-26-200\" class=\"ct-div-block contentsheet-wrapper\" ><div id=\"_rich_text-20-200\" class=\"oxy-rich-text\" ><p>Verwilderte Katzen gibt es auf Mallorca leider wie Sand am Meer bzw. schlimmer noch, wie Handt\u00fccher am beliebtesten Badestrand am Ballermann. Hier, wo die Touristen zu Hunderttausenden ihren Urlaub genie\u00dfen und Bier, Sangria und Cocktails in Litern flie\u00dfen. Viele ziehen in Karawanen zum Strand achtlos an den Tieren vorbei. Die armen Gesch\u00f6pfe vermehren sich ungehemmt und fristen ihr trauriges Dasein unter der br\u00fctenden Sonne Mallorcas. Oft ohne einen Tropfen Wasser und ohne ausreichend Futter. Besonders schlimm ist es, wenn wieder und wieder neue Babys geboren werden und die M\u00fctter auf der Suche nach Futter umherstreifen, in der Hoffnung, dann vielleicht gen\u00fcgend Milch zu haben, um ihre Jungen stillen zu k\u00f6nnen. Wir finden oft bis auf die Haut abgemagerte Tiere, am Rande des Hunger- und\/oder Hitzetodes. Hier liegt einer unserer Schwerpunkte:<\/p><p>Gezielte Futterstellen, die unsere ehrenamtlichen Mitarbeiter\/innen zweimal am Tag an denselben Pl\u00e4tzen bef\u00fcllen, sollen Kater Pedro und all den anderen wilden Katzen Nahrung bieten. Die Mitarbeiter\/innen versuchen dann mit Engelsgeduld Vertrauen zu den Tieren aufzubauen, die Tiere nach Wochen einzufangen, sie medizinisch zu versorgen, zu kastrieren und zu kennzeichnen. Je nachdem, ob sich eine wilde Katze z\u00e4hmen l\u00e4sst oder nicht, wird sie danach entweder wieder ausgewildert oder an ein liebevolles Zuhause in Deutschland, \u00d6sterreich, Spanien, Holland oder in der Schweiz vermittelt. Ausgewilderte Katzen sind nat\u00fcrlich immer noch frei und haben keinen Besitzer, sie k\u00f6nnen sich jedoch Dank der Kastration nicht mehr ungehindert weitervermehren. Ein ganz wichtiger Schritt bei unserer Arbeit \u201eTierschutz an der Basis\u201c.<\/p><\/div><div id=\"new_columns-65-200\" class=\"ct-new-columns\" ><div id=\"div_block-67-200\" class=\"ct-div-block\" ><div id=\"_rich_text-70-200\" class=\"oxy-rich-text\" ><p class=\"MsoNormal\" style=\"margin-bottom: 0.0001pt; text-align: justify; line-height: 150%; background-image: initial; background-position: initial; background-size: initial; background-repeat: initial; background-attachment: initial; background-origin: initial; background-clip: initial;\"><span style=\"mso-fareast-font-family: 'Times New Roman'; mso-bidi-font-family: Calibri; mso-bidi-theme-font: minor-latin; color: #222222; mso-fareast-language: DE;\">F&uuml;r die Futter- sowie die Tierarztkosten, die mehrere tausend Euro <strong>monatlich<\/strong> betragen, werden dringend Spenden ben&ouml;tigt. Mit einer Spende in H&ouml;he von 60,- Euro k&ouml;nnen wir zum Beispiel 2 Katzen einen Monat mit Futter versorgen. Wir haben liebevolle Tier&auml;rzte auf der Insel gefunden, &nbsp;die z.B. die Kastration f&uuml;r 65,- Euro &uuml;bernehmen.<\/span><\/p>\n<p><strong>Im Namen der Tiere bedanken wir uns f&uuml;r Ihre gro&szlig;z&uuml;gige Hilfe.<\/strong><\/p><\/div><\/div><div id=\"div_block-66-200\" class=\"ct-div-block\" ><link rel='stylesheet' id='oxygen-unslider-css'  href='https:\/\/tierschutzstiftungen.de\/wp-content\/plugins\/oxygen\/component-framework\/vendor\/unslider\/unslider.css' type='text\/css' media='all'\/><div id=\"slider-27-200\" class=\"ct-slider ct_unique_slider_6092\" ><div class=\"oxygen-unslider-container\"><ul><li><div id=\"slide-28-200\" class=\"ct-slide\" ><img decoding=\"async\"  id=\"image-34-200\" alt=\"\" src=\"https:\/\/tierschutzstiftungen.de\/wp-content\/uploads\/tierschutzstiftungen-futtereinkauf-01.jpg\" class=\"ct-image futtereinkauf-slide-image\"\/><\/div><\/li><li><div id=\"slide-43-200\" class=\"ct-slide\" ><img decoding=\"async\"  id=\"image-44-200\" alt=\"\" src=\"https:\/\/tierschutzstiftungen.de\/wp-content\/uploads\/tierschutzstiftungen-futtereinkauf-02.jpg\" class=\"ct-image futtereinkauf-slide-image\"\/><\/div><\/li><li><div id=\"slide-45-200\" class=\"ct-slide\" ><img decoding=\"async\"  id=\"image-46-200\" alt=\"\" src=\"https:\/\/tierschutzstiftungen.de\/wp-content\/uploads\/tierschutzstiftungen-futtereinkauf-03.jpg\" class=\"ct-image futtereinkauf-slide-image\"\/><\/div><\/li><li><div id=\"slide-47-200\" class=\"ct-slide\" ><img decoding=\"async\"  id=\"image-48-200\" alt=\"\" src=\"https:\/\/tierschutzstiftungen.de\/wp-content\/uploads\/tierschutzstiftungen-futtereinkauf-04.jpg\" class=\"ct-image futtereinkauf-slide-image\"\/><\/div><\/li><li><div id=\"slide-49-200\" class=\"ct-slide\" ><img decoding=\"async\"  id=\"image-50-200\" alt=\"\" src=\"https:\/\/tierschutzstiftungen.de\/wp-content\/uploads\/tierschutzstiftungen-futtereinkauf-05.jpg\" class=\"ct-image futtereinkauf-slide-image\"\/><\/div><\/li><li><div id=\"slide-51-200\" class=\"ct-slide\" ><img decoding=\"async\"  id=\"image-52-200\" alt=\"\" src=\"https:\/\/tierschutzstiftungen.de\/wp-content\/uploads\/tierschutzstiftungen-futtereinkauf-06.jpg\" class=\"ct-image futtereinkauf-slide-image\"\/><\/div><\/li><li><div id=\"slide-53-200\" class=\"ct-slide\" ><img decoding=\"async\"  id=\"image-54-200\" alt=\"\" src=\"https:\/\/tierschutzstiftungen.de\/wp-content\/uploads\/tierschutzstiftungen-futtereinkauf-07.jpg\" class=\"ct-image futtereinkauf-slide-image\"\/><\/div><\/li><li><div id=\"slide-55-200\" class=\"ct-slide\" ><img decoding=\"async\"  id=\"image-56-200\" alt=\"\" src=\"https:\/\/tierschutzstiftungen.de\/wp-content\/uploads\/tierschutzstiftungen-futtereinkauf-08.jpg\" class=\"ct-image futtereinkauf-slide-image\"\/><\/div><\/li><li><div id=\"slide-57-200\" class=\"ct-slide\" ><img decoding=\"async\"  id=\"image-58-200\" alt=\"\" src=\"https:\/\/tierschutzstiftungen.de\/wp-content\/uploads\/tierschutzstiftungen-futtereinkauf-09.jpg\" class=\"ct-image futtereinkauf-slide-image\"\/><\/div><\/li><li><div id=\"slide-59-200\" class=\"ct-slide\" ><img decoding=\"async\"  id=\"image-60-200\" alt=\"\" src=\"https:\/\/tierschutzstiftungen.de\/wp-content\/uploads\/tierschutzstiftungen-futtereinkauf-10.jpg\" class=\"ct-image futtereinkauf-slide-image\"\/><\/div><\/li><li><div id=\"slide-61-200\" class=\"ct-slide\" ><img decoding=\"async\"  id=\"image-62-200\" alt=\"\" src=\"https:\/\/tierschutzstiftungen.de\/wp-content\/uploads\/tierschutzstiftungen-futtereinkauf-11.jpg\" class=\"ct-image futtereinkauf-slide-image\"\/><\/div><\/li><li><div id=\"slide-63-200\" class=\"ct-slide\" ><img decoding=\"async\"  id=\"image-64-200\" alt=\"\" src=\"https:\/\/tierschutzstiftungen.de\/wp-content\/uploads\/tierschutzstiftungen-futtereinkauf-12.jpg\" class=\"ct-image futtereinkauf-slide-image\"\/><\/div><\/li><\/ul><\/div><\/div><script class=\"ct-slider-script\">jQuery(document).ready(function($){$('#slider-27-200.ct_unique_slider_6092 .oxygen-unslider-container:not(.unslider-horizontal,.unslider-fade)').unslider({autoplay: true, delay: 5000, animation: 'fade', speed : 750, arrows: true, nav: false, infinite: false})});<\/script><\/div><\/div><\/div><\/div><\/section><section id=\"section-71-200\" class=\" ct-section contentsheet-section\" ><div class=\"ct-section-inner-wrap\"><div id=\"div_block-72-200\" class=\"ct-div-block contentsheet-wrapper\" ><h2 id=\"headline-8-200\" class=\"ct-headline atomic-secondary-heading\">Son Noguera<\/h2><style>\/* FLEX GALLERY *\/\n\n.oxy-gallery.oxy-gallery-flex {\n\tdisplay: flex;\n\tflex-direction: row;\n\tflex-wrap: wrap;\n\tjustify-content: center;\n}\n\n.oxy-gallery-flex .oxy-gallery-item {\n\toverflow: hidden;\n\tflex: auto;\n\n}\n\n.oxy-gallery-flex .oxy-gallery-item-sizer {\n\tposition: relative;\n}\n\n.oxy-gallery-flex .oxy-gallery-item-contents {\n\tposition: absolute;\n\ttop: 0; bottom: 0; left: 0; right: 0;\n\tbackground-size: cover;\n\tmargin: 0;\n}\n\n.oxy-gallery-flex .oxy-gallery-item-contents img {\n\twidth: 100%;\n\theight: 100%;\n\topacity: 0;\n}\n\n\n\n\/* MASONRY GALLERY *\/\n\n.oxy-gallery.oxy-gallery-masonry {\n\tdisplay: block;\n\toverflow: auto;\n}\n\n.oxy-gallery-masonry .oxy-gallery-item {\n\tbreak-inside: avoid;\n\tdisplay: block;\n\tline-height: 0;\n\tposition: relative;\n}\n\n.oxy-gallery-masonry figure.oxy-gallery-item-contents {\n\tmargin: 0;\n}\n\n.oxy-gallery-masonry .oxy-gallery-item .oxy-gallery-item-contents img {\n\tmax-width: 100%;\n}\n\n.oxy-gallery-masonry .oxy-gallery-item .oxy-gallery-item-contents figcaption {\n\tdisplay: none;\n}\n\n\/* GRID GALLERY *\/\n.oxy-gallery-grid .oxy-gallery-item {\n\toverflow: hidden;\n\tflex: auto;\n\tposition: relative;\n}\n\n.oxy-gallery-grid .oxy-gallery-item-contents {\n\tmargin: 0;\n}\n\n.oxy-gallery-grid .oxy-gallery-item-contents img {\n\twidth: 100%;\n\theight: auto;\n}\n\n.oxy-gallery-grid .oxy-gallery-item .oxy-gallery-item-contents figcaption {\n\tdisplay: none;\n}<\/style><style data-element-id=\"#_gallery-75-200\">            #_gallery-75-200.oxy-gallery-flex .oxy-gallery-item {\n                width: calc(20.000% - 3px - 3px);\n                margin: 3px;\n                min-width: px;\n                overflow: hidden;\n                flex: auto;\n            }\n\n            #_gallery-75-200.oxy-gallery-flex .oxy-gallery-item-sizer {\n                padding-bottom: 133.33%;\n                position: relative;\n            }\n        \n            #_gallery-75-200.oxy-gallery-captions .oxy-gallery-item .oxy-gallery-item-contents figcaption:not(:empty) {\n                position: absolute;\n                bottom: 0;\n                left: 0;\n                right: 0;\n                background-color: rgba(0,0,0,0.75); \/* caption background color *\/\n                padding: 1em;\n                color: #ffffff;  \/* caption text color *\/\n                font-weight: bold;\n                -webkit-font-smoothing: antialiased;\n                font-size: 1em;\n                text-align: center;\n                line-height: var(--oxy-small-line-height);\n                \/*pointer-events: none;*\/\n                transition: 0.3s ease-in-out opacity;\n                display: block;\n            }\n\n                \n            #_gallery-75-200.oxy-gallery-captions .oxy-gallery-item .oxy-gallery-item-contents figcaption:not(:empty) {\n                opacity: 0;\n            }\n            #_gallery-75-200.oxy-gallery-captions .oxy-gallery-item:hover .oxy-gallery-item-contents figcaption {\n                opacity: 1;\n            }\n\n                    \n            \/* hover effects *\/\n            #_gallery-75-200.oxy-gallery .oxy-gallery-item {\n              opacity: ;\n              transition: 0.3s ease-in-out opacity;\n            }\n\n            #_gallery-75-200.oxy-gallery .oxy-gallery-item:hover {\n              opacity: ;\n            }\n\n        <\/style>        <div id=\"_gallery-75-200\" class=\"oxy-gallery oxy-gallery-captions oxy-gallery-flex\" >\n        \n                \n                    <a href='https:\/\/tierschutzstiftungen.de\/wp-content\/uploads\/tierschutzstiftung-futterstelle-mallorca-son-noguera-10.jpg'  class='oxy-gallery-item'>\n                        <div class='oxy-gallery-item-sizer'>\n\n                            <figure class='oxy-gallery-item-contents' style='background-image: url(https:\/\/tierschutzstiftungen.de\/wp-content\/uploads\/tierschutzstiftung-futterstelle-mallorca-son-noguera-10.jpg);'>\n\n                                <img decoding=\"async\"  src=\"https:\/\/tierschutzstiftungen.de\/wp-content\/uploads\/tierschutzstiftung-futterstelle-mallorca-son-noguera-10.jpg\" data-original-src=\"https:\/\/tierschutzstiftungen.de\/wp-content\/uploads\/tierschutzstiftung-futterstelle-mallorca-son-noguera-10.jpg\" data-original-src-width=\"500\" data-original-src-height=\"667\" alt=\"\">\n                                <figcaption><\/figcaption>\n\n                            <\/figure>\n\n                        <\/div>\n                    <\/a>\n\n                \n                    <a href='https:\/\/tierschutzstiftungen.de\/wp-content\/uploads\/tierschutzstiftung-futterstelle-mallorca-son-noguera-09.jpg'  class='oxy-gallery-item'>\n                        <div class='oxy-gallery-item-sizer'>\n\n                            <figure class='oxy-gallery-item-contents' style='background-image: url(https:\/\/tierschutzstiftungen.de\/wp-content\/uploads\/tierschutzstiftung-futterstelle-mallorca-son-noguera-09.jpg);'>\n\n                                <img decoding=\"async\"  src=\"https:\/\/tierschutzstiftungen.de\/wp-content\/uploads\/tierschutzstiftung-futterstelle-mallorca-son-noguera-09.jpg\" data-original-src=\"https:\/\/tierschutzstiftungen.de\/wp-content\/uploads\/tierschutzstiftung-futterstelle-mallorca-son-noguera-09.jpg\" data-original-src-width=\"500\" data-original-src-height=\"667\" alt=\"\">\n                                <figcaption><\/figcaption>\n\n                            <\/figure>\n\n                        <\/div>\n                    <\/a>\n\n                \n                    <a href='https:\/\/tierschutzstiftungen.de\/wp-content\/uploads\/tierschutzstiftung-futterstelle-mallorca-son-noguerA-08.jpg'  class='oxy-gallery-item'>\n                        <div class='oxy-gallery-item-sizer'>\n\n                            <figure class='oxy-gallery-item-contents' style='background-image: url(https:\/\/tierschutzstiftungen.de\/wp-content\/uploads\/tierschutzstiftung-futterstelle-mallorca-son-noguerA-08.jpg);'>\n\n                                <img decoding=\"async\"  src=\"https:\/\/tierschutzstiftungen.de\/wp-content\/uploads\/tierschutzstiftung-futterstelle-mallorca-son-noguerA-08.jpg\" data-original-src=\"https:\/\/tierschutzstiftungen.de\/wp-content\/uploads\/tierschutzstiftung-futterstelle-mallorca-son-noguerA-08.jpg\" data-original-src-width=\"500\" data-original-src-height=\"667\" alt=\"\">\n                                <figcaption><\/figcaption>\n\n                            <\/figure>\n\n                        <\/div>\n                    <\/a>\n\n                \n                    <a href='https:\/\/tierschutzstiftungen.de\/wp-content\/uploads\/tierschutzstiftung-futterstelle-mallorca-son-noguera-07.jpg'  class='oxy-gallery-item'>\n                        <div class='oxy-gallery-item-sizer'>\n\n                            <figure class='oxy-gallery-item-contents' style='background-image: url(https:\/\/tierschutzstiftungen.de\/wp-content\/uploads\/tierschutzstiftung-futterstelle-mallorca-son-noguera-07.jpg);'>\n\n                                <img decoding=\"async\"  src=\"https:\/\/tierschutzstiftungen.de\/wp-content\/uploads\/tierschutzstiftung-futterstelle-mallorca-son-noguera-07.jpg\" data-original-src=\"https:\/\/tierschutzstiftungen.de\/wp-content\/uploads\/tierschutzstiftung-futterstelle-mallorca-son-noguera-07.jpg\" data-original-src-width=\"500\" data-original-src-height=\"667\" alt=\"\">\n                                <figcaption><\/figcaption>\n\n                            <\/figure>\n\n                        <\/div>\n                    <\/a>\n\n                \n                    <a href='https:\/\/tierschutzstiftungen.de\/wp-content\/uploads\/tierschutzstiftung-futterstelle-mallorca-son-noguera-06.jpg'  class='oxy-gallery-item'>\n                        <div class='oxy-gallery-item-sizer'>\n\n                            <figure class='oxy-gallery-item-contents' style='background-image: url(https:\/\/tierschutzstiftungen.de\/wp-content\/uploads\/tierschutzstiftung-futterstelle-mallorca-son-noguera-06.jpg);'>\n\n                                <img decoding=\"async\"  src=\"https:\/\/tierschutzstiftungen.de\/wp-content\/uploads\/tierschutzstiftung-futterstelle-mallorca-son-noguera-06.jpg\" data-original-src=\"https:\/\/tierschutzstiftungen.de\/wp-content\/uploads\/tierschutzstiftung-futterstelle-mallorca-son-noguera-06.jpg\" data-original-src-width=\"500\" data-original-src-height=\"667\" alt=\"\">\n                                <figcaption><\/figcaption>\n\n                            <\/figure>\n\n                        <\/div>\n                    <\/a>\n\n                \n                    <a href='https:\/\/tierschutzstiftungen.de\/wp-content\/uploads\/tierschutzstiftung-futterstelle-mallorca-son-noguera-05.jpg'  class='oxy-gallery-item'>\n                        <div class='oxy-gallery-item-sizer'>\n\n                            <figure class='oxy-gallery-item-contents' style='background-image: url(https:\/\/tierschutzstiftungen.de\/wp-content\/uploads\/tierschutzstiftung-futterstelle-mallorca-son-noguera-05.jpg);'>\n\n                                <img decoding=\"async\"  src=\"https:\/\/tierschutzstiftungen.de\/wp-content\/uploads\/tierschutzstiftung-futterstelle-mallorca-son-noguera-05.jpg\" data-original-src=\"https:\/\/tierschutzstiftungen.de\/wp-content\/uploads\/tierschutzstiftung-futterstelle-mallorca-son-noguera-05.jpg\" data-original-src-width=\"500\" data-original-src-height=\"667\" alt=\"\">\n                                <figcaption><\/figcaption>\n\n                            <\/figure>\n\n                        <\/div>\n                    <\/a>\n\n                \n                    <a href='https:\/\/tierschutzstiftungen.de\/wp-content\/uploads\/tierschutzstiftung-futterstelle-mallorca-son-noguera-04.jpg'  class='oxy-gallery-item'>\n                        <div class='oxy-gallery-item-sizer'>\n\n                            <figure class='oxy-gallery-item-contents' style='background-image: url(https:\/\/tierschutzstiftungen.de\/wp-content\/uploads\/tierschutzstiftung-futterstelle-mallorca-son-noguera-04.jpg);'>\n\n                                <img decoding=\"async\"  src=\"https:\/\/tierschutzstiftungen.de\/wp-content\/uploads\/tierschutzstiftung-futterstelle-mallorca-son-noguera-04.jpg\" data-original-src=\"https:\/\/tierschutzstiftungen.de\/wp-content\/uploads\/tierschutzstiftung-futterstelle-mallorca-son-noguera-04.jpg\" data-original-src-width=\"500\" data-original-src-height=\"667\" alt=\"\">\n                                <figcaption><\/figcaption>\n\n                            <\/figure>\n\n                        <\/div>\n                    <\/a>\n\n                \n                    <a href='https:\/\/tierschutzstiftungen.de\/wp-content\/uploads\/tierschutzstiftung-futterstelle-mallorca-son-noguera-03.jpg'  class='oxy-gallery-item'>\n                        <div class='oxy-gallery-item-sizer'>\n\n                            <figure class='oxy-gallery-item-contents' style='background-image: url(https:\/\/tierschutzstiftungen.de\/wp-content\/uploads\/tierschutzstiftung-futterstelle-mallorca-son-noguera-03.jpg);'>\n\n                                <img decoding=\"async\"  src=\"https:\/\/tierschutzstiftungen.de\/wp-content\/uploads\/tierschutzstiftung-futterstelle-mallorca-son-noguera-03.jpg\" data-original-src=\"https:\/\/tierschutzstiftungen.de\/wp-content\/uploads\/tierschutzstiftung-futterstelle-mallorca-son-noguera-03.jpg\" data-original-src-width=\"500\" data-original-src-height=\"667\" alt=\"\">\n                                <figcaption><\/figcaption>\n\n                            <\/figure>\n\n                        <\/div>\n                    <\/a>\n\n                \n                    <a href='https:\/\/tierschutzstiftungen.de\/wp-content\/uploads\/tierschutzstiftung-futterstelle-mallorca-son-noguera-02.jpg'  class='oxy-gallery-item'>\n                        <div class='oxy-gallery-item-sizer'>\n\n                            <figure class='oxy-gallery-item-contents' style='background-image: url(https:\/\/tierschutzstiftungen.de\/wp-content\/uploads\/tierschutzstiftung-futterstelle-mallorca-son-noguera-02.jpg);'>\n\n                                <img decoding=\"async\"  src=\"https:\/\/tierschutzstiftungen.de\/wp-content\/uploads\/tierschutzstiftung-futterstelle-mallorca-son-noguera-02.jpg\" data-original-src=\"https:\/\/tierschutzstiftungen.de\/wp-content\/uploads\/tierschutzstiftung-futterstelle-mallorca-son-noguera-02.jpg\" data-original-src-width=\"500\" data-original-src-height=\"667\" alt=\"\">\n                                <figcaption><\/figcaption>\n\n                            <\/figure>\n\n                        <\/div>\n                    <\/a>\n\n                \n                    <a href='https:\/\/tierschutzstiftungen.de\/wp-content\/uploads\/tierschutzstiftung-futterstelle-mallorca-son-noguera-01.jpg'  class='oxy-gallery-item'>\n                        <div class='oxy-gallery-item-sizer'>\n\n                            <figure class='oxy-gallery-item-contents' style='background-image: url(https:\/\/tierschutzstiftungen.de\/wp-content\/uploads\/tierschutzstiftung-futterstelle-mallorca-son-noguera-01.jpg);'>\n\n                                <img decoding=\"async\"  src=\"https:\/\/tierschutzstiftungen.de\/wp-content\/uploads\/tierschutzstiftung-futterstelle-mallorca-son-noguera-01.jpg\" data-original-src=\"https:\/\/tierschutzstiftungen.de\/wp-content\/uploads\/tierschutzstiftung-futterstelle-mallorca-son-noguera-01.jpg\" data-original-src-width=\"500\" data-original-src-height=\"667\" alt=\"\">\n                                <figcaption><\/figcaption>\n\n                            <\/figure>\n\n                        <\/div>\n                    <\/a>\n\n                \n                <\/div>\n                        <script type=\"text\/javascript\">\n                    document.addEventListener(\"oxygenVSBInitGalleryJs_gallery-75-200\",function(){\n                        if(jQuery('#_gallery-75-200').photoSwipe) {\n                            jQuery('#_gallery-75-200').photoSwipe('.oxy-gallery-item-contents');\n                        }\n                    },false);\n                    jQuery(document).ready(function() {\n                        let event = new Event('oxygenVSBInitGalleryJs_gallery-75-200');\n                        document.dispatchEvent(event);\n                    });\n                <\/script>\n            <\/div><div id=\"div_block-76-200\" class=\"ct-div-block contentsheet-wrapper\" ><div id=\"div_block-81-200\" class=\"ct-div-block\" ><div id=\"shortcode-80-200\" class=\"ct-shortcode\" ><div style=\"width: 500px;\" class=\"wp-video\"><!--[if lt IE 9]><script>document.createElement('video');<\/script><![endif]-->\n<video class=\"wp-video-shortcode\" id=\"video-200-1\" width=\"500\" height=\"280\" preload=\"metadata\" controls=\"controls\"><source type=\"video\/mp4\" src=\"https:\/\/tierschutzstiftungen.de\/wp-content\/uploads\/Estellence-002-Video-1.mp4?_=1\" \/><a href=\"https:\/\/tierschutzstiftungen.de\/wp-content\/uploads\/Estellence-002-Video-1.mp4\">https:\/\/tierschutzstiftungen.de\/wp-content\/uploads\/Estellence-002-Video-1.mp4<\/a><\/video><\/div><\/div><\/div><\/div><\/div><\/section>\n\n\n<p><\/p>\n","protected":false},"excerpt":{"rendered":"","protected":false},"author":1,"featured_media":0,"parent":93,"menu_order":3,"comment_status":"closed","ping_status":"closed","template":"","meta":{"_acf_changed":false,"footnotes":""},"class_list":["post-200","page","type-page","status-publish","hentry"],"acf":[],"_links":{"self":[{"href":"https:\/\/tierschutzstiftungen.de\/en\/wp-json\/wp\/v2\/pages\/200","targetHints":{"allow":["GET"]}}],"collection":[{"href":"https:\/\/tierschutzstiftungen.de\/en\/wp-json\/wp\/v2\/pages"}],"about":[{"href":"https:\/\/tierschutzstiftungen.de\/en\/wp-json\/wp\/v2\/types\/page"}],"author":[{"embeddable":true,"href":"https:\/\/tierschutzstiftungen.de\/en\/wp-json\/wp\/v2\/users\/1"}],"replies":[{"embeddable":true,"href":"https:\/\/tierschutzstiftungen.de\/en\/wp-json\/wp\/v2\/comments?post=200"}],"version-history":[{"count":0,"href":"https:\/\/tierschutzstiftungen.de\/en\/wp-json\/wp\/v2\/pages\/200\/revisions"}],"up":[{"embeddable":true,"href":"https:\/\/tierschutzstiftungen.de\/en\/wp-json\/wp\/v2\/pages\/93"}],"wp:attachment":[{"href":"https:\/\/tierschutzstiftungen.de\/en\/wp-json\/wp\/v2\/media?parent=200"}],"curies":[{"name":"wp","href":"https:\/\/api.w.org\/{rel}","templated":true}]}}