{"id":66,"date":"2019-08-07T20:28:54","date_gmt":"2019-08-07T20:28:54","guid":{"rendered":"https:\/\/tierschutzstiftungen.de\/?page_id=66"},"modified":"2024-04-10T12:17:33","modified_gmt":"2024-04-10T10:17:33","slug":"start","status":"publish","type":"page","link":"https:\/\/tierschutzstiftungen.de\/en\/","title":{"rendered":"Start"},"content":{"rendered":"<section id=\"section-2-66\" class=\" ct-section\" ><div class=\"ct-section-inner-wrap\"><link rel='stylesheet' id='oxygen-unslider-css'  href='https:\/\/tierschutzstiftungen.de\/wp-content\/plugins\/oxygen\/component-framework\/vendor\/unslider\/unslider.css' type='text\/css' media='all'\/><div id=\"slider-67-66\" class=\"ct-slider ct_unique_slider_8848\" ><div class=\"oxygen-unslider-container\"><ul><li><div id=\"slide-68-66\" class=\"ct-slide\" ><\/div><\/li><li><div id=\"slide-69-66\" class=\"ct-slide\" ><\/div><\/li><li><div id=\"slide-70-66\" class=\"ct-slide\" ><\/div><\/li><li><div id=\"slide-105-66\" class=\"ct-slide\" ><\/div><\/li><\/ul><\/div><\/div><script class=\"ct-slider-script\">jQuery(document).ready(function($){$('#slider-67-66.ct_unique_slider_8848 .oxygen-unslider-container:not(.unslider-horizontal,.unslider-fade)').unslider({autoplay: true, delay: 4500, animation: 'fade', speed : 1500, arrows: false, nav: false, infinite: false})});<\/script><div id=\"div_block-104-66\" class=\"ct-div-block\" ><h1 id=\"headline-1\" class=\"ct-headline atomic-primary-heading\"><div><br><\/div><div>Gemein\u00fctzige<br><\/div>Herbert und Maria Welter&nbsp;<br>Tierschutzstiftung<\/h1><div id=\"fancy_icon-4-66\" class=\"ct-fancy-icon\" ><svg id=\"svg-fancy_icon-4-66\"><use xlink:href=\"#Lineariconsicon-heart\"><\/use><\/svg><\/div><div id=\"text_block-5-66\" class=\"ct-text-block atomic-subheading\" >Ohne Umweg - direkt zum Wohl der Tiere<\/div><\/div><div id=\"div_block-6-66\" class=\"ct-div-block \" ><a id=\"link_text-7-66\" class=\"ct-link-text atomic-primary-button\" href=\"https:\/\/tierschutzstiftungen.de\/aktuelles\/\" target=\"_self\"  >Aktuelles<\/a><a id=\"link_text-8-66\" class=\"ct-link-text atomic-outline-button\" href=\"https:\/\/tierschutzstiftungen.de\/ueber-uns\/\" target=\"_self\"  >\u00dcber uns<\/a><\/div><\/div><\/section><section id=\"section-2\" class=\" ct-section\" ><div class=\"ct-section-inner-wrap\"><div id=\"div_block-164-66\" class=\"ct-div-block\" ><div id=\"div_block-12-66\" class=\"ct-div-block atomic-iconblock-15-wrapper ease\" ><a id=\"link-13-66\" class=\"ct-link\" href=\"\/vision\/\" target=\"_self\"  ><img decoding=\"async\"  id=\"image-14-66\" alt=\"\" src=\"https:\/\/tierschutzstiftungen.de\/wp-content\/uploads\/tierschutzstiftungen.de_baeren-01.jpg\" class=\"ct-image home-image-4block\"\/><h4 id=\"headline-15-66\" class=\"ct-headline atomic-iconblock-15-title\">Zum Schutz der Tiere<br><\/h4><div id=\"text_block-16-66\" class=\"ct-text-block atomic-iconblock-15-text\" >Wir sparen uns viele Umwege und werden direkt selber t\u00e4tig! Wir wollen, dass Spenden und F\u00fcrsorge direkt zum Tier kommen und das nichts f\u00fcr sinnlose B\u00fcrokratie und Verwaltung verloren geht. Unser Einsatz gilt den Tieren und deren Wohlergehen.<br><\/div><\/a><\/div><div id=\"div_block-18-66\" class=\"ct-div-block atomic-iconblock-15-wrapper ease\" ><a id=\"link-19-66\" class=\"ct-link\" href=\"\/helfen\/adoptieren\/\" target=\"_self\"  ><img decoding=\"async\"  id=\"image-20-66\" alt=\"\" src=\"https:\/\/tierschutzstiftungen.de\/wp-content\/uploads\/mit-2-katzen-eingekuschelt-1.jpg\" class=\"ct-image home-image-4block\"\/><h4 id=\"headline-21-66\" class=\"ct-headline atomic-iconblock-15-title\">Tieren ein Zuhause geben<br><\/h4><div id=\"text_block-22-66\" class=\"ct-text-block atomic-iconblock-15-text\" >Sie haben etwas Platz in Ihrem Heim und Herzen? Schenken Sie einem der zu vermittelnden Tiere ein neues Zuhause! Egal ob Katzen oder Hunde, viele unschuldige Gesch\u00f6pfe freuen sich auf Sie und Ihre Hilfe!<\/div><\/a><\/div><div id=\"div_block-24-66\" class=\"ct-div-block atomic-iconblock-15-wrapper ease\" ><a id=\"link-25-66\" class=\"ct-link\" href=\"\/spenden\/\" target=\"_self\"  ><img decoding=\"async\"  id=\"image-26-66\" alt=\"\" src=\"https:\/\/tierschutzstiftungen.de\/wp-content\/uploads\/katze01q.jpg\" class=\"ct-image home-image-4block\"\/><h4 id=\"headline-27-66\" class=\"ct-headline atomic-iconblock-15-title\">Ihre Spende am Ziel<br><\/h4><div id=\"text_block-28-66\" class=\"ct-text-block atomic-iconblock-15-text\" >Sie k\u00f6nnen sich darauf verlassen, dass die von Ihnen get\u00e4tigt Spende am Ziel ankommt. In Form einer Patenschaft f\u00fcr ein bestimmtes Tier oder auch in dem Sie explizit ein Thema ausw\u00e4hlen, welches Ihnen am Herzen liegt.&nbsp;<\/div><\/a><\/div><div id=\"div_block-30-66\" class=\"ct-div-block atomic-iconblock-15-wrapper ease\" ><a id=\"link-31-66\" class=\"ct-link\" href=\"\/projekte\/katzenhaeuser\/\" target=\"_self\"  ><img decoding=\"async\"  id=\"image-32-66\" alt=\"\" src=\"https:\/\/tierschutzstiftungen.de\/wp-content\/uploads\/hund01q.jpg\" class=\"ct-image home-image-4block\"\/><h4 id=\"headline-33-66\" class=\"ct-headline atomic-iconblock-15-title\">Schutz, Pflege &amp; Zukunft<br><\/h4><div id=\"text_block-34-66\" class=\"ct-text-block atomic-iconblock-15-text\" >Unser gr\u00f6\u00dftes Anliegen ist es den Tieren Schutz, angemessene Pflege und F\u00fcrsorge zu bieten und nat\u00fcrlich nach M\u00f6glichkeit, eine Zukunft in einem sch\u00f6nen Zuhause! Die Tiere sind auf Ihre und unsere Hilfe angewiesen.<\/div><\/a><\/div><\/div><a id=\"link_text-35-66\" class=\"ct-link-text atomic-primary-button\" href=\"\/informationen\/\" target=\"_self\"  >auf einen blick<\/a><a id=\"link-109-66\" class=\"ct-link \" href=\"https:\/\/tierschutzstiftungen.de\" target=\"_self\"  ><img decoding=\"async\"  id=\"image-110-66\" alt=\"\" src=\"https:\/\/tierschutzstiftungen.de\/wp-content\/uploads\/bundesverband-deutscher-stiftungen-mitglied-logo.png\" class=\"ct-image\"\/><\/a><\/div><\/section><section id=\"section-106-66\" class=\" ct-section\" ><div class=\"ct-section-inner-wrap\"><h2 id=\"headline-108-66\" class=\"ct-headline atomic-secondary-heading\">Neuigkeiten<\/h2><div id=\"div_block-118-66\" class=\"ct-div-block\" ><div id=\"_dynamic_list-121-66\" class=\"oxy-dynamic-list\"><div id=\"div_block-122-66-1\" class=\"ct-div-block\" style=\"background-image:linear-gradient(rgba(0,157,223,0.5), rgba(0,157,223,0.5)), url(https:\/\/tierschutzstiftungen.de\/wp-content\/uploads\/rehkitz-im-gras-versteckt-768x433.jpg);background-size:auto,  cover;\" data-id=\"div_block-122-66\"><a id=\"link-151-66-1\" class=\"ct-link\" href=\"https:\/\/tierschutzstiftungen.de\/en\/the-federal-government-funds-the-acquisition-of-drones-for-reindeer-kid-rescue\/\" target=\"_self\" data-id=\"link-151-66\"><h1 id=\"headline-120-66-1\" class=\"ct-headline text-shadow\" data-id=\"headline-120-66\"><span id=\"span-131-66\" class=\"ct-span\" >Der Bund f\u00f6rdert auch in 2022 die Anschaffung von Drohnen zur Rehkitzrettung<\/span><\/h1><\/a><\/div><div id=\"div_block-122-66-2\" class=\"ct-div-block\" style=\"background-image:linear-gradient(rgba(0,157,223,0.5), rgba(0,157,223,0.5)), url(https:\/\/tierschutzstiftungen.de\/wp-content\/uploads\/kater-pedro-futterstellen-768x320.jpg);background-size:auto,  cover;\" data-id=\"div_block-122-66\"><a id=\"link-151-66-2\" class=\"ct-link\" href=\"https:\/\/tierschutzstiftungen.de\/en\/rescue-street-cats-zanzibar\/\" target=\"_self\" data-id=\"link-151-66\"><h1 id=\"headline-120-66-2\" class=\"ct-headline text-shadow\" data-id=\"headline-120-66\"><span id=\"span-131-66\" class=\"ct-span\" >Rettung Stra\u00dfenkatzen Sansibar - Stry Cat Rescue from Zanzibar<\/span><\/h1><\/a><\/div><div id=\"div_block-122-66-3\" class=\"ct-div-block\" style=\"background-image:linear-gradient(rgba(0,157,223,0.5), rgba(0,157,223,0.5)), url(https:\/\/tierschutzstiftungen.de\/wp-content\/uploads\/Cat_katze_Zuhause_gesucht_web-scaled.jpg);background-size:auto,  cover;\" data-id=\"div_block-122-66\"><a id=\"link-151-66-3\" class=\"ct-link\" href=\"https:\/\/tierschutzstiftungen.de\/en\/finn-new-home-sought\/\" target=\"_self\" data-id=\"link-151-66\"><h1 id=\"headline-120-66-3\" class=\"ct-headline text-shadow\" data-id=\"headline-120-66\"><span id=\"span-131-66\" class=\"ct-span\" >Dringend ein Zuhause gesucht....<\/span><\/h1><\/a><\/div><div id=\"div_block-122-66-4\" class=\"ct-div-block\" style=\"background-image:linear-gradient(rgba(0,157,223,0.5), rgba(0,157,223,0.5)), url(https:\/\/tierschutzstiftungen.de\/wp-content\/uploads\/shutterstock_770634352-768x511.jpg);background-size:auto,  cover;\" data-id=\"div_block-122-66\"><a id=\"link-151-66-4\" class=\"ct-link\" href=\"https:\/\/tierschutzstiftungen.de\/en\/lorem-ipsum\/\" target=\"_self\" data-id=\"link-151-66\"><h1 id=\"headline-120-66-4\" class=\"ct-headline text-shadow\" data-id=\"headline-120-66\"><span id=\"span-131-66\" class=\"ct-span\" >Neue Futterlieferung.     Arche Noah Mallorca.                 Danke.<\/span><\/h1><\/a><\/div><div id=\"div_block-122-66-5\" class=\"ct-div-block\" style=\"background-image:linear-gradient(rgba(0,157,223,0.5), rgba(0,157,223,0.5)), url(https:\/\/tierschutzstiftungen.de\/wp-content\/uploads\/404-hund_1920-768x432.jpg);background-size:auto,  cover;\" data-id=\"div_block-122-66\"><a id=\"link-151-66-5\" class=\"ct-link\" href=\"https:\/\/tierschutzstiftungen.de\/en\/philosophy\/\" target=\"_self\" data-id=\"link-151-66\"><h1 id=\"headline-120-66-5\" class=\"ct-headline text-shadow\" data-id=\"headline-120-66\"><span id=\"span-131-66\" class=\"ct-span\" >Unsere Philosophie<\/span><\/h1><\/a><\/div><div id=\"div_block-122-66-6\" class=\"ct-div-block\" style=\"background-image:linear-gradient(rgba(0,157,223,0.5), rgba(0,157,223,0.5)), url(https:\/\/tierschutzstiftungen.de\/wp-content\/uploads\/shutterstock_439827331-768x445.jpg);background-size:auto,  cover;\" data-id=\"div_block-122-66\"><a id=\"link-151-66-6\" class=\"ct-link\" href=\"https:\/\/tierschutzstiftungen.de\/en\/lorem-ipsum-2\/\" target=\"_self\" data-id=\"link-151-66\"><h1 id=\"headline-120-66-6\" class=\"ct-headline text-shadow\" data-id=\"headline-120-66\"><span id=\"span-131-66\" class=\"ct-span\" >Raubtierf\u00fctterung...<\/span><\/h1><\/a><\/div>                    \n                                            \n                                        \n                    <\/div>\n<\/div><\/div><\/section><section id=\"section-36-66\" class=\" ct-section\" style=\"background-image:linear-gradient(rgba(0,157,223,0.5), rgba(0,157,223,0.5)), url(https:\/\/tierschutzstiftungen.de\/wp-content\/uploads\/header-hund01.jpg);background-size:auto,  cover;\" ><div class=\"ct-section-inner-wrap\"><h2 id=\"headline-37-66\" class=\"ct-headline atomic-secondary-heading text-shadow\">Das Ziel<\/h2><div id=\"text_block-38-66\" class=\"ct-text-block\" >Wir haben es uns zum Ziel gesetzt, dass die Spendengelder im gr\u00f6\u00dften Umfang bei den Tieren ankommen.&nbsp;<br>Es wird kein Geld f\u00fcr unn\u00f6tige B\u00fcrokratie verschwendet.<br>Wir wollen alles f\u00fcr die Tiere geben!<\/div><\/div><\/section><section id=\"section-39-66\" class=\" ct-section\" ><div class=\"ct-section-inner-wrap\"><h2 id=\"headline-40-66\" class=\"ct-headline atomic-secondary-heading\">Erfolgsdaten<\/h2><div id=\"text_block-41-66\" class=\"ct-text-block atomic-subheading\" >Seit Gr\u00fcndung erzielte Erfolge, Fakten und Zahlen<\/div><div id=\"new_columns-42-66\" class=\"ct-new-columns\" ><div id=\"div_block-43-66\" class=\"ct-div-block atomic-content-25-column\" ><div id=\"text_block-44-66\" class=\"ct-text-block atomic-content-25-price\" >28969<\/div><h4 id=\"headline-45-66\" class=\"ct-headline atomic-content-35-title\">Mahlzeiten f\u00fcr Tiere<\/h4><div id=\"text_block-46-66\" class=\"ct-text-block\" >In Zusammenarbeit mit freiwilligen Helfern und verschiedenen Tierfutterhandlungen k\u00f6nnten wir mehr als 28.000 Mahlzeiten f\u00fcr Tiere bereitstellen und so viele Tiere vor Hunger, Krankheit und Tod sch\u00fctzen.<\/div><div id=\"text_block-47-66\" class=\"ct-text-block\" >Stand: 15.02.2023<\/div><\/div><div id=\"div_block-48-66\" class=\"ct-div-block atomic-content-25-column\" ><div id=\"text_block-49-66\" class=\"ct-text-block atomic-content-25-price\" >385<\/div><h4 id=\"headline-50-66\" class=\"ct-headline atomic-content-35-title\">Tierleben verbessert<\/h4><div id=\"text_block-51-66\" class=\"ct-text-block\" >Durch Tierarztbesuche, Vermittlungen, Katzenh\u00e4user und Futterstellen konnten wir f\u00fcr mehr als 300 Tieren eine klare Lebensverbesserung erzielen. Sowohl f\u00fcr Hunde, Katzen, B\u00e4ren und Wildv\u00f6geln. Elefanten und Meeresbewohner stehen ebenso auf unserer Agenda.<\/div><div id=\"text_block-52-66\" class=\"ct-text-block\" >Stand: Stand: 15.02.2023<\/div><\/div><div id=\"div_block-53-66\" class=\"ct-div-block atomic-content-25-column\" ><div id=\"text_block-54-66\" class=\"ct-text-block atomic-content-25-price\" >100%<\/div><h4 id=\"headline-55-66\" class=\"ct-headline atomic-content-35-title\">Direkt zum Ziel<\/h4><div id=\"text_block-56-66\" class=\"ct-text-block\" >Unser erkl\u00e4rtes und hoch gestecktes Ziel den gr\u00f6\u00dftm\u00f6glichen Teil der Mittel direkt den Tieren zukommen zu lassen, ein voller Erfolg im Jahr 2022. Ihre Themen-Spende erreicht das von Ihnen gew\u00e4hlte Ziel ohne Umweg.<\/div><div id=\"text_block-57-66\" class=\"ct-text-block\" >Stand: 15.02.2023<\/div><\/div><div id=\"div_block-58-66\" class=\"ct-div-block atomic-content-25-column\" ><div id=\"text_block-59-66\" class=\"ct-text-block atomic-content-25-price\" >96.040 \u20ac<\/div><h4 id=\"headline-60-66\" class=\"ct-headline atomic-content-35-title\">f\u00fcr das Tierwohl<\/h4><div id=\"text_block-61-66\" class=\"ct-text-block\" >Wir haben bereits mehr als 90.000 \u20ac direkt f\u00fcr das Tierwohl investiert. Um unser Ziel zu erreichen, so viel wie m\u00f6glich an die Tiere und deren Wohl zu geben, haben wir auch nachhaltige Investitionen get\u00e4tigt.<\/div><div id=\"text_block-62-66\" class=\"ct-text-block\" >Stand: 15.02.2023<\/div><\/div><\/div><\/div><\/section><section id=\"section-63-66\" class=\" ct-section\" style=\"background-image:linear-gradient(rgba(0,157,223,0.5), rgba(0,157,223,0.5)), url(https:\/\/tierschutzstiftungen.de\/wp-content\/uploads\/header-katze01.jpg);background-size:auto,  cover;\" ><div class=\"ct-section-inner-wrap\"><div id=\"text_block-64-66\" class=\"ct-text-block atomic-subheading\" >Was ist besonders an der Herbert und Maria Welter Tierschutzstiftung?<\/div><div id=\"text_block-65-66\" class=\"ct-text-block\" >Uns zeichnet aus, dass wir selber aktiv sind bei der Vermittlung \/ Adoption von Tieren direkt unterst\u00fctzen. Sie finden hier auf der Seite zur Vermittlung stehende Tiere, die sich nach einem liebevollen Heim sehnen. Die Stiftung hat stets im Fokus nah an den Tieren und deren Wohlbefinden zu sein!<br><\/div><\/div><\/section><section id=\"section-56-68\" class=\" ct-section\" ><div class=\"ct-section-inner-wrap\"><div id=\"new_columns-57-68\" class=\"ct-new-columns\" ><div id=\"div_block-58-68\" class=\"ct-div-block\" ><h2 id=\"headline-59-68\" class=\"ct-headline atomic-secondary-heading\">Kontakt<\/h2><div id=\"text_block-60-68\" class=\"ct-text-block atomic-subheading\" >Bei Fragen oder dem Wunsch zu helfen, z\u00f6gern Sie nicht mit uns Kontakt aufzunehmen!&nbsp;<br>Wir freuen uns jederzeit \u00fcber Ihre Hilfe!<\/div><div id=\"div_block-61-68\" class=\"ct-div-block atomic-contact-10-wrapper\" ><div id=\"fancy_icon-62-68\" class=\"ct-fancy-icon atomic-contact-10-icon\" ><svg id=\"svg-fancy_icon-62-68\"><use xlink:href=\"#FontAwesomeicon-phone-square\"><\/use><\/svg><\/div><a id=\"link_text-132-68\" class=\"ct-link-text\" href=\"tel:+4922860889848\" target=\"_self\"  >+49 228 60889-848<\/a><\/div><div id=\"div_block-64-68\" class=\"ct-div-block atomic-contact-10-wrapper\" ><div id=\"fancy_icon-65-68\" class=\"ct-fancy-icon atomic-contact-10-icon\" ><svg id=\"svg-fancy_icon-65-68\"><use xlink:href=\"#FontAwesomeicon-envelope\"><\/use><\/svg><\/div><a id=\"link_text-66-68\" class=\"ct-link-text\" href=\"mailto:support@example.com\" target=\"_self\"  >info@tierschutzstiftungen.de<\/a><\/div><h3 id=\"headline-67-68\" class=\"ct-headline atomic-tritary-heading\">Adresse<\/h3><div id=\"text_block-68-68\" class=\"ct-text-block atomic-contact-10-text\" >Herbert und Maria Welter<br>Tierschutzstiftung<div>Kautexstra\u00dfe 4b<div>D-52339 Bonn<div><br><\/div><div>Tierschutzstiftung-Spendenkonto<br><\/div><div>IBAN: DE47 3705 0198 1934 9865 12&nbsp;<\/div><div>BIC: COLSDE33XXX<\/div><div>Sparkasse K\u00f6lnBonn<\/div><div><br><\/div><div>Ihre Spende kann steuerlich geltend gemacht werden<\/div><div><br><\/div><div>Registriert als Herbert und Maria Welter Tierschutzstiftung Bezirksregierung K\u00f6ln,&nbsp;&nbsp;<\/div><div>Az: 20\/15.2.1-24\/18<\/div><div><br><\/div><div>Freistellungsbescheid:&nbsp;<\/div><div>Als gemeinn\u00fctzige K\u00f6rperschaft befreit von der K\u00f6rperschaftssteuer gem. \u00a75 I 9 KStg. unter der Steuernummer 206\/5865\/1162<\/div><div><br><\/div><div>\u00a9 Welter Shelter Deutschland 2024<br><\/div><\/div><\/div><\/div><\/div><div id=\"div_block-71-68\" class=\"ct-div-block\" ><h3 id=\"headline-72-68\" class=\"ct-headline atomic-tritary-heading\">Kontaktformular<\/h3><div id=\"div_block-74-68\" class=\"ct-div-block\" ><div id=\"shortcode-23-174\" class=\"ct-shortcode\" ><div class='fluentform ff-default fluentform_wrapper_1 ffs_default_wrap'><form data-form_id=\"1\" id=\"fluentform_1\" class=\"frm-fluent-form fluent_form_1 ff-el-form-top ff_form_instance_1_1 ff-form-loading ffs_default\" data-form_instance=\"ff_form_instance_1_1\" method=\"POST\" ><fieldset  style=\"border: none!important;margin: 0!important;padding: 0!important;background-color: transparent!important;box-shadow: none!important;outline: none!important; min-inline-size: 100%;\">\n                    <legend class=\"ff_screen_reader_title\" style=\"display: block; margin: 0!important;padding: 0!important;height: 0!important;text-indent: -999999px;width: 0!important;overflow:hidden;\">Kontaktformular<\/legend>        <div\n                style=\"display: none!important; position: absolute!important; transform: translateX(1000%)!important;\"\n                class=\"ff-el-group ff-hpsf-container\"\n        >\n            <div class=\"ff-el-input--label asterisk-right\">\n                <label for=\"ff_1_item_sf\" aria-label=\"Contact\">\n                    Contact                <\/label>\n            <\/div>\n            <div class=\"ff-el-input--content\">\n                <input type=\"text\"\n                       name=\"item_1__fluent_sf\"\n                       class=\"ff-el-form-control\"\n                       id=\"ff_1_item_sf\"\n                \/>\n            <\/div>\n        <\/div>\n        <input type='hidden' name='__fluent_form_embded_post_id' value='720' \/><input type=\"hidden\" id=\"_fluentform_1_fluentformnonce\" name=\"_fluentform_1_fluentformnonce\" value=\"60d2d4062f\" \/><input type=\"hidden\" name=\"_wp_http_referer\" value=\"\/en\/wp-json\/wp\/v2\/pages\/66\" \/><div data-type=\"name-element\" data-name=\"names\" class=\" ff-field_container ff-name-field-wrapper\" ><div class='ff-t-container'><div class='ff-t-cell '><div class='ff-el-group'><div class=\"ff-el-input--label ff-el-is-required asterisk-left\"><label for='ff_1_names_first_name_' id='label_ff_1_names_first_name_' >Vorname<\/label><\/div><div class='ff-el-input--content'><input type=\"text\" name=\"names[first_name]\" id=\"ff_1_names_first_name_\" class=\"ff-el-form-control\" placeholder=\"Vorname\" aria-invalid=\"false\" aria-required=true><\/div><\/div><\/div><div class='ff-t-cell '><div class='ff-el-group'><div class=\"ff-el-input--label ff-el-is-required asterisk-left\"><label for='ff_1_names_last_name_' id='label_ff_1_names_last_name_' >Nachname<\/label><\/div><div class='ff-el-input--content'><input type=\"text\" name=\"names[last_name]\" id=\"ff_1_names_last_name_\" class=\"ff-el-form-control\" placeholder=\"Nachname\" aria-invalid=\"false\" aria-required=true><\/div><\/div><\/div><\/div><\/div><div class='ff-el-group'><div class=\"ff-el-input--label ff-el-is-required asterisk-left\"><label for='ff_1_email' id='label_ff_1_email' aria-label=\"E-Mail\">E-Mail<\/label><\/div><div class='ff-el-input--content'><input type=\"email\" name=\"email\" id=\"ff_1_email\" class=\"ff-el-form-control\" placeholder=\"E-Mail Adresse\" data-name=\"email\"  aria-invalid=\"false\" aria-required=true><\/div><\/div><div class='ff-el-group'><div class=\"ff-el-input--label ff-el-is-required asterisk-left\"><label for='ff_1_subject' id='label_ff_1_subject' aria-label=\"Betreff\">Betreff<\/label><\/div><div class='ff-el-input--content'><input type=\"text\" name=\"subject\" class=\"ff-el-form-control\" placeholder=\"Betreff\" data-name=\"subject\" id=\"ff_1_subject\"  aria-invalid=\"false\" aria-required=true><\/div><\/div><div class='ff-el-group'><div class=\"ff-el-input--label ff-el-is-required asterisk-left\"><label for='ff_1_message' id='label_ff_1_message' aria-label=\"Ihre Nachricht\">Ihre Nachricht<\/label><\/div><div class='ff-el-input--content'><textarea aria-required=\"true\" aria-labelledby=\"label_ff_1_message\" name=\"message\" id=\"ff_1_message\" class=\"ff-el-form-control\" placeholder=\"Nachricht\" rows=\"6\" cols=\"2\" data-name=\"message\" ><\/textarea><\/div><\/div><div class='ff-el-group    ff-el-input--content'><div class='ff-el-form-check ff-el-tc'><label aria-label='Terms and Conditions: Ich stimme der Verarbeitung meiner Daten zu. Datenschutzerkl\u00e4rung Contains 1 link. Use tab navigation to review.' class='ff-el-form-check-label ff_tc_label' for=gdpr-agreement_de12ac1e2c7b9fc80355c18c37793f2b><span class='ff_tc_checkbox'><input type=\"checkbox\" name=\"gdpr-agreement\" class=\"ff-el-form-check-input ff_gdpr_field\" data-name=\"gdpr-agreement\" id=\"gdpr-agreement_de12ac1e2c7b9fc80355c18c37793f2b\"  value='on' aria-invalid='false' aria-required=true><\/span> <div class='ff_t_c'>Ich stimme der Verarbeitung meiner Daten zu. <a href=\"https:\/\/tierschutzstiftungen.de\/datenschutzerklaerung\/\">Datenschutzerkl\u00e4rung<\/a><\/div><\/label><\/div><\/div><div class='ff-el-group ff-text-left ff_submit_btn_wrapper'><button type=\"submit\" class=\"ff-btn ff-btn-submit ff-btn-lg ff_btn_style wpf_has_custom_css\"  aria-label=\"SENDEN\">SENDEN<\/button><\/div><\/fieldset><\/form><div id='fluentform_1_errors' class='ff-errors-in-stack ff_form_instance_1_1 ff-form-loading_errors ff_form_instance_1_1_errors'><\/div><\/div>            <script type=\"text\/javascript\">\n                window.fluent_form_ff_form_instance_1_1 = {\"id\":\"1\",\"ajaxUrl\":\"https:\\\/\\\/tierschutzstiftungen.de\\\/wp-admin\\\/admin-ajax.php\",\"settings\":{\"layout\":{\"labelPlacement\":\"top\",\"helpMessagePlacement\":\"with_label\",\"errorMessagePlacement\":\"inline\",\"asteriskPlacement\":\"asterisk-left\"},\"id\":\"1\",\"restrictions\":{\"denyEmptySubmission\":{\"enabled\":false}}},\"form_instance\":\"ff_form_instance_1_1\",\"form_id_selector\":\"fluentform_1\",\"rules\":{\"names[first_name]\":{\"required\":{\"value\":true,\"message\":\"Erforderliches Feld\"}},\"names[middle_name]\":{\"required\":{\"value\":false,\"message\":\"This field is required\"}},\"names[last_name]\":{\"required\":{\"value\":true,\"message\":\"Erforderliches Feld\"}},\"email\":{\"required\":{\"value\":true,\"message\":\"Erforderliches Feld\"},\"email\":{\"value\":true,\"message\":\"This field must contain a valid email\"}},\"subject\":{\"required\":{\"value\":true,\"message\":\"Erforderliches Feld\"}},\"message\":{\"required\":{\"value\":true,\"message\":\"Erforderliches Feld\"}},\"gdpr-agreement\":{\"required\":{\"value\":true,\"message\":\"This field is required\"}}},\"debounce_time\":300};\n                            <\/script>\n            <\/div><\/div><\/div><\/div><\/div><\/section>","protected":false},"excerpt":{"rendered":"","protected":false},"author":1,"featured_media":0,"parent":0,"menu_order":-1,"comment_status":"closed","ping_status":"closed","template":"","meta":{"_acf_changed":false,"footnotes":""},"class_list":["post-66","page","type-page","status-publish","hentry"],"acf":[],"_links":{"self":[{"href":"https:\/\/tierschutzstiftungen.de\/en\/wp-json\/wp\/v2\/pages\/66","targetHints":{"allow":["GET"]}}],"collection":[{"href":"https:\/\/tierschutzstiftungen.de\/en\/wp-json\/wp\/v2\/pages"}],"about":[{"href":"https:\/\/tierschutzstiftungen.de\/en\/wp-json\/wp\/v2\/types\/page"}],"author":[{"embeddable":true,"href":"https:\/\/tierschutzstiftungen.de\/en\/wp-json\/wp\/v2\/users\/1"}],"replies":[{"embeddable":true,"href":"https:\/\/tierschutzstiftungen.de\/en\/wp-json\/wp\/v2\/comments?post=66"}],"version-history":[{"count":12,"href":"https:\/\/tierschutzstiftungen.de\/en\/wp-json\/wp\/v2\/pages\/66\/revisions"}],"predecessor-version":[{"id":1301,"href":"https:\/\/tierschutzstiftungen.de\/en\/wp-json\/wp\/v2\/pages\/66\/revisions\/1301"}],"wp:attachment":[{"href":"https:\/\/tierschutzstiftungen.de\/en\/wp-json\/wp\/v2\/media?parent=66"}],"curies":[{"name":"wp","href":"https:\/\/api.w.org\/{rel}","templated":true}]}}