{"id":93,"date":"2019-08-08T01:22:31","date_gmt":"2019-08-08T01:22:31","guid":{"rendered":"https:\/\/tierschutzstiftungen.de\/?page_id=93"},"modified":"2020-01-07T13:36:38","modified_gmt":"2020-01-07T13:36:38","slug":"projekte","status":"publish","type":"page","link":"https:\/\/tierschutzstiftungen.de\/en\/projects\/","title":{"rendered":"Projects"},"content":{"rendered":"<section id=\"section-87-93\" class=\" ct-section\" style=\"background-image:linear-gradient(rgba(0,0,0,0.1), rgba(0,0,0,0.1)), url(https:\/\/tierschutzstiftungen.de\/wp-content\/uploads\/tierschutzstiftungen-work-and-travel-mitarbeit-arbeit-flex.jpg);background-size:auto,  cover;\" ><div class=\"ct-section-inner-wrap\"><div id=\"div_block-88-93\" class=\"ct-div-block headerdiv\" ><h1 id=\"headline-89-93\" class=\"ct-headline atomic-primary-heading\">Mitarbeit<\/h1><div id=\"text_block-90-93\" class=\"ct-text-block atomic-subheading\" >Engagement f\u00fcr Tiere - sei dabei&nbsp;<\/div><\/div><\/div><\/section><section id=\"section-161-93\" class=\" ct-section contentsheet-section\" ><div class=\"ct-section-inner-wrap\"><div id=\"div_block-162-93\" class=\"ct-div-block contentsheet-wrapper\" ><h2 id=\"headline-147-93\" class=\"ct-headline \">Work &amp; Travel \u2026 Leben und Arbeiten mit Tieren<\/h2><h3 id=\"headline-200-93\" class=\"ct-headline \">Sinnvolle Arbeit leisten und daf\u00fcr kostenfrei auf Mallorca einen tierischen Urlaub verbringen<\/h3><div id=\"new_columns-149-93\" class=\"ct-new-columns\" ><div id=\"div_block-150-93\" class=\"ct-div-block\" ><img decoding=\"async\"  id=\"image-151-93\" alt=\"\" src=\"https:\/\/tierschutzstiftungen.de\/wp-content\/uploads\/Katzenhaus002.jpg\" class=\"ct-image atomic-showcase-2-image\"\/><img decoding=\"async\"  id=\"image-152-93\" alt=\"\" src=\"https:\/\/tierschutzstiftungen.de\/wp-content\/uploads\/katzenrettung-tierschutzpolizei-mauer-03.jpg\" class=\"ct-image atomic-showcase-2-image\"\/><img decoding=\"async\"  id=\"image-199-93\" alt=\"\" src=\"https:\/\/tierschutzstiftungen.de\/wp-content\/uploads\/tierschutzstiftungen-work-and-travel-mitarbeit-arbeit-tier-pferd-liebe.jpg\" class=\"ct-image\"\/><\/div><div id=\"div_block-153-93\" class=\"ct-div-block\" ><div id=\"text_block-154-93\" class=\"ct-text-block\" >Traumhafte Sonnenunterg\u00e4nge, Meeresrauschen und ein warmer Sommerwind, davon tr\u00e4umt so manch einer. Mallorca ist nicht umsonst die Lieblingsinsel der Deutschen. Wer Tiere liebt und uns helfen und mit uns und den Tieren eine tolle Zeit verbringen m\u00f6chte, dem helfen wir nach Mallorca zukommen, indem wir Kost und Logis auf Mallorca \u00fcbernehmen und einen Wagen f\u00fcr die Freizeit zur Verf\u00fcgung stellen; lediglich die Anreise muss selbst organisiert und bezahlt werden. Unsere Mitarbeiter\/innen, die ihre gesamte Freizeit und ihr ganzes Geld f\u00fcr die Pflege unserer vierbeinigen Freunde aufwenden, ben\u00f6tigen Unterst\u00fctzung bzw. eine Vertretung zur Versorgung der verschiedenen Tiere. Ein G\u00e4stezimmer auf einer Finca wurde gerade renoviert und steht f\u00fcr das Projekt \u201eWork &amp; Travel\u201c (deutsch: Leben und Arbeiten) zur Verf\u00fcgung. Wir suchen verl\u00e4ssliche Menschen, die etwa vier bis f\u00fcnf Stunden am Tag aufwenden wollen, um gemeinsam mit uns oder selbstst\u00e4ndig vertretungsweise die Tiere zu versorgen. Dies beinhaltet die Bereitstellung von Futter morgens und abends, die Reinigung der Tierh\u00e4user und Auffangstationen sowie allgemein nach dem Rechten zu sehen. Dazu kann auch mal das Einfangen von ausgeb\u00fcxten Katzenbabys z\u00e4hlen oder  eine Bestandsaufnahme aller Tiere vorzunehmen. Wenn Sie jemanden kennen, der Lust hat, uns zu helfen und dem das Wohl unserer Mitgesch\u00f6pfe ebenfalls am Herzen liegt, dann melden Sie sich bitte bei uns \u2013 Streicheleinheiten sind in diesem Urlaub \u00fcbrigens auch inklusive.<br><\/div><link rel='stylesheet' id='oxygen-unslider-css'  href='https:\/\/tierschutzstiftungen.de\/wp-content\/plugins\/oxygen\/component-framework\/vendor\/unslider\/unslider.css' type='text\/css' media='all'\/><div id=\"slider-167-93\" class=\"ct-slider ct_unique_slider_2869\" ><div class=\"oxygen-unslider-container\"><ul><li><div id=\"slide-168-93\" class=\"ct-slide\" ><img decoding=\"async\"  id=\"image-166-93\" alt=\"\" src=\"https:\/\/tierschutzstiftungen.de\/wp-content\/uploads\/tierschutzstiftungen-work-and-travel-mitarbeit-arbeit-tier-hund-liebe.jpg\" class=\"ct-image\"\/><\/div><\/li><li><div id=\"slide-169-93\" class=\"ct-slide\" ><img decoding=\"async\"  id=\"image-182-93\" alt=\"\" src=\"https:\/\/tierschutzstiftungen.de\/wp-content\/uploads\/tierschutzstiftungen-work-and-travel-mitarbeit-arbeit-tier-elefant-liebe.jpg\" class=\"ct-image\"\/><\/div><\/li><li><div id=\"slide-170-93\" class=\"ct-slide\" ><img decoding=\"async\"  id=\"image-183-93\" alt=\"\" src=\"https:\/\/tierschutzstiftungen.de\/wp-content\/uploads\/tierschutzstiftungen-work-and-travel-mitarbeit-arbeit-tier-esel.jpg\" class=\"ct-image\"\/><\/div><\/li><li><div id=\"slide-184-93\" class=\"ct-slide\" ><img decoding=\"async\"  id=\"image-185-93\" alt=\"\" src=\"https:\/\/tierschutzstiftungen.de\/wp-content\/uploads\/tierschutzstiftungen-work-and-travel-mitarbeit-arbeit-flex.jpg\" class=\"ct-image\"\/><\/div><\/li><\/ul><\/div><\/div><script class=\"ct-slider-script\">jQuery(document).ready(function($){$('#slider-167-93.ct_unique_slider_2869 .oxygen-unslider-container:not(.unslider-horizontal,.unslider-fade)').unslider({autoplay: true, delay: 5000, animation: 'horizontal', speed : 750, arrows: true, nav: false, infinite: true})});<\/script><\/div><\/div><\/div><div id=\"div_block-6-93\" class=\"ct-div-block\" ><div id=\"div_block-7-93\" class=\"ct-div-block atomic-showcase-2-wrapper\" ><h2 id=\"headline-8-93\" class=\"ct-headline atomic-showcase-2-title\">Sozialer Schulbesuch<\/h2><div id=\"text_block-9-93\" class=\"ct-text-block atomic-showcase-2-small-text\" >Kindern Tierschutz begreifbar machen<\/div><div id=\"new_columns-40-93\" class=\"ct-new-columns\" ><div id=\"div_block-41-93\" class=\"ct-div-block\" ><img decoding=\"async\"  id=\"image-93-93\" alt=\"\" src=\"https:\/\/tierschutzstiftungen.de\/wp-content\/uploads\/hund02q.jpg\" class=\"ct-image atomic-showcase-2-image\"\/><\/div><div id=\"div_block-42-93\" class=\"ct-div-block\" ><div id=\"text_block-29-93\" class=\"ct-text-block\" >Tierschutz an der Basis hei\u00dft unter anderem auch, dass man dort anfangen sollte, wo das Gr\u00e4uel der Tiermisshandlungen anf\u00e4ngt \u2013 n\u00e4mlich beim Menschen. Die Tierschutzstiftung l\u00e4dt daher von nun an in unregelm\u00e4\u00dfigen Abst\u00e4nden verschiedene Schulklassen zu ihrer Tierauffangstation ein, um schon fr\u00fch die J\u00fcngsten der Gesellschaft f\u00fcr das Thema Tierschutz zu sensibilisieren. Vor Ort, in unserem Refugium, erfahren die Sch\u00fcler von unserer ehrenamtlichen Mitarbeiterin Elke Peetz alles \u00fcber die Tiere und die mit ihnen verbundenen Schicksale. Besonders auf Mallorca ist dies eine wichtige Ma\u00dfnahme, da Tiere hier \u00fcberwiegend als \u201eSache\u201c und nicht als Lebewesen mit Gef\u00fchlen und Bed\u00fcrfnissen wahrgenommen werden. Viele Einheimische entledigen sich unliebsamer Tiere auf grausame Weise: Ein beherztes \u201eKlatschen\u201c gegen die Hauswand oder das Ertr\u00e4nken kleiner K\u00e4tzchen in verschlossenen S\u00e4cken sind nur Beispiele dessen, was auf Mallorca tagt\u00e4glich passiert.&nbsp;<br><\/div><\/div><\/div><div id=\"new_columns-91-93\" class=\"ct-new-columns\" ><div id=\"div_block-92-93\" class=\"ct-div-block\" ><div id=\"text_block-95-93\" class=\"ct-text-block\" >Bei ihren Besuchen lernen die Kinder spielerisch, dass Tiere versorgt und vor allem kastriert werden m\u00fcssen, damit sie sich nicht ungehindert vermehren. Auch die Kennzeichnung mittels Mikrochip ist wichtig, um die Tiere bei Bedarf wiederzufinden und zuordnen zu k\u00f6nnen. Diese  sind unsere obersten Gebote und wir hoffen, dass wir damit eine neue Generation positiv beeinflussen k\u00f6nnen. Denn nur mit der aktiven Hilfe der Bev\u00f6lkerung k\u00f6nnen wir langfristig auch aktiven Tierschutz an der Basis betreiben.<br><br><\/div><\/div><div id=\"div_block-94-93\" class=\"ct-div-block\" ><img decoding=\"async\"  id=\"image-10-93\" alt=\"\" src=\"https:\/\/tierschutzstiftungen.de\/wp-content\/uploads\/hund03q.jpg\" class=\"ct-image atomic-showcase-2-image\"\/><\/div><\/div><\/div><div id=\"div_block-43-93\" class=\"ct-div-block atomic-showcase-2-wrapper\" ><h2 id=\"headline-44-93\" class=\"ct-headline atomic-showcase-2-title\">Futterstellen<\/h2><div id=\"text_block-45-93\" class=\"ct-text-block atomic-showcase-2-small-text\" >Kater Pedro soll nicht hungern<\/div><div id=\"new_columns-46-93\" class=\"ct-new-columns\" ><div id=\"div_block-47-93\" class=\"ct-div-block\" ><img decoding=\"async\"  id=\"image-48-93\" alt=\"\" src=\"https:\/\/tierschutzstiftungen.de\/wp-content\/uploads\/katze01q.jpg\" class=\"ct-image atomic-showcase-2-image\"\/><\/div><div id=\"div_block-49-93\" class=\"ct-div-block\" ><div id=\"text_block-50-93\" class=\"ct-text-block\" >Verwilderte Katzen gibt es auf Mallorca wie Sand am Meer bzw. schlimmer noch, wie Handt\u00fccher am beliebtesten Badestrand am Ballermann. Gezielte Futterstellen, die unsere Mitarbeiter zweimal am Tag an denselben Pl\u00e4tzen bef\u00fcllen, sollen Kater Pedro und all den anderen wilden Katzen Nahrung bieten. Unsere ehrenamtlichen Mitarbeiter\/innen versuchen dann, die Tiere einzufangen, sie medizinisch zu versorgen, zu kastrieren und zu kennzeichnen. Je nachdem, ob sich eine wilde Katze z\u00e4hmen l\u00e4sst oder nicht, wird sie danach entweder wieder ausgewildert oder an ein liebevolles Zuhause in Deutschland oder in der Schweiz vermittelt. Ausgewilderte Katzen sind nat\u00fcrlich immer noch frei und haben keinen Besitzer, k\u00f6nnen sich aber durch die Kastration nicht mehr ungehindert weitervermehren. Ein ganz wichtiger Punkt im Tierschutz. <br><\/div><\/div><\/div><\/div><div id=\"div_block-54-93\" class=\"ct-div-block atomic-showcase-2-wrapper\" ><h2 id=\"headline-55-93\" class=\"ct-headline atomic-showcase-2-title\">Tierschutzwagen<\/h2><div id=\"text_block-56-93\" class=\"ct-text-block atomic-showcase-2-small-text\" >Wie die Tierschutzpolizei quer \u00fcber die Insel jagt<\/div><div id=\"new_columns-57-93\" class=\"ct-new-columns\" ><div id=\"div_block-58-93\" class=\"ct-div-block\" ><img decoding=\"async\"  id=\"image-59-93\" alt=\"\" src=\"https:\/\/tierschutzstiftungen.de\/wp-content\/uploads\/tierschutzpolizei01.jpg\" class=\"ct-image atomic-showcase-2-image\"\/><img decoding=\"async\"  id=\"image-104-93\" alt=\"\" src=\"https:\/\/tierschutzstiftungen.de\/wp-content\/uploads\/tierschutzpolizei03.jpg\" class=\"ct-image atomic-showcase-2-image\"\/><\/div><div id=\"div_block-60-93\" class=\"ct-div-block\" ><div id=\"text_block-61-93\" class=\"ct-text-block\" >Unsere Tierschutzpolizei reagiert schnell und vor allem da, wo sie gebraucht wird. Wir tragen keine Uniform wie die echte Polizei, aber wir sind Freund und Helfer der freilebenden Tiere und vor allem die letzte Bastion f\u00fcr in Not geratene Gesch\u00f6pfe. Mit dem Tierschutzwagen, einem Renault Kangoo, den wir vor Kurzem in Deutschland von Spendengeldern gekauft, tierschutzgerecht umgebaut und ausgestattet haben und \u00fcber Frankreich nach Spanien \u00fcberf\u00fchren konnten, sammeln unsere ehrenamtlichen Mitarbeiter wilde und verletzte Tiere ein, insbesondere streunende Katzen und Hunde. <br>Der Wagen verf\u00fcgt \u00fcber einen Laderaum im hinteren Teil, in dem wir Transportk\u00e4fige unterbringen k\u00f6nnen, um die Tiere schnellstm\u00f6glich und sicher z. B. in die n\u00e4chste Tierklink zu fahren. K\u00e4tzchen mit gebrochenen Hinterl\u00e4ufen, Meerschweinchen mit gebrochenem R\u00fcckgrat in der M\u00fclltonne, Hunde mit offenen und blutenden L\u00f6chern im Gesicht - wir ersparen so manchem Tier, das Schmerzen erleidet, ein dunkles Schicksal. Mithilfe des Tierschutzwagens bringen wir nat\u00fcrlich auch freilebende Tiere zum Tierarzt zur Kastration, um die ungehinderte Fortpflanzung zu vermeiden und so das Problem der \u00fcberdurchschnittlich hohen Population langfristig in den Griff zu bekommen. <br><\/div><\/div><\/div><\/div><div id=\"div_block-65-93\" class=\"ct-div-block atomic-showcase-2-wrapper\" ><h2 id=\"headline-66-93\" class=\"ct-headline atomic-showcase-2-title\">Katzenh\u00e4user<\/h2><div id=\"text_block-67-93\" class=\"ct-text-block atomic-showcase-2-small-text\" >Hier finden Kater Pedro und seine Freunde ein liebevolles Zuhause<\/div><div id=\"new_columns-68-93\" class=\"ct-new-columns\" ><div id=\"div_block-69-93\" class=\"ct-div-block\" ><img decoding=\"async\"  id=\"image-70-93\" alt=\"\" src=\"https:\/\/tierschutzstiftungen.de\/wp-content\/uploads\/PHOTO-2019-09-04-17-13-24-1.jpg\" class=\"ct-image atomic-showcase-2-image\"\/><\/div><div id=\"div_block-71-93\" class=\"ct-div-block\" ><div id=\"text_block-72-93\" class=\"ct-text-block\" >Ein Zuhause f\u00fcr die wilden Katzen \u2013 wie kann das aussehen? Wir befinden uns in der Bauphase von Katzenh\u00e4usern, in denen wir die gefangenen Katzen artgerecht unterbringen wollen. Die Katzen leben hier zusammen in sogenannten Kennel, haben gen\u00fcgend Auslauf und sind keinerlei Gefahren mehr ausgesetzt. Sie k\u00f6nnen hier so lange in der liebevollen Obhut unserer Mitarbeiterin Elke Peetz bleiben, bis sie vermittelt werden. <br>Eines dieser H\u00e4user gibt es schon, drei weitere Katzenh\u00e4user sowie ein Hundehaus sind in Planung. Eine Firma auf Mallorca, die das ben\u00f6tigte Material vertreibt, erl\u00e4sst uns 25 Prozent der Kosten, wir ben\u00f6tigen jedoch zus\u00e4tzlich ehrenamtlich arbeitende Handwerker und Mitarbeiter, um dieses Projekt zu realisieren. <br><\/div><\/div><\/div><\/div><div id=\"div_block-76-93\" class=\"ct-div-block atomic-showcase-2-wrapper\" ><h2 id=\"headline-77-93\" class=\"ct-headline atomic-showcase-2-title\">Work &amp; Travel \u2026 Leben und Arbeiten mit Tieren<\/h2><div id=\"text_block-78-93\" class=\"ct-text-block atomic-showcase-2-small-text\" >Sinnvolle Arbeit leisten und daf\u00fcr kostenfrei auf Mallorca einen tierischen Urlaub verbringen<\/div><div id=\"new_columns-79-93\" class=\"ct-new-columns\" ><div id=\"div_block-80-93\" class=\"ct-div-block\" ><img decoding=\"async\"  id=\"image-105-93\" alt=\"\" src=\"https:\/\/tierschutzstiftungen.de\/wp-content\/uploads\/Katzenhaus002.jpg\" class=\"ct-image atomic-showcase-2-image\"\/><img decoding=\"async\"  id=\"image-81-93\" alt=\"\" src=\"https:\/\/tierschutzstiftungen.de\/wp-content\/uploads\/katzenrettung-tierschutzpolizei-mauer-03.jpg\" class=\"ct-image atomic-showcase-2-image\"\/><\/div><div id=\"div_block-82-93\" class=\"ct-div-block\" ><div id=\"text_block-83-93\" class=\"ct-text-block\" >Traumhafte Sonnenunterg\u00e4nge, Meeresrauschen und ein warmer Sommerwind, davon tr\u00e4umt so manch einer. Mallorca ist nicht umsonst die Lieblingsinsel der Deutschen. Wer sich das bisher nicht leisten konnte, Wiederkommen m\u00f6chte, noch nicht die Gelegenheit hatte oder einfach eine tolle Zeit mit uns und den Tieren verbringen m\u00f6chte, kann uns jetzt helfen \u2013 wir \u00fcbernehmen daf\u00fcr Kost und Logis und stellen einen Wagen f\u00fcr die Freizeit zur Verf\u00fcgung; lediglich die Anreise muss selbst organisiert und bezahlt werden. Unsere Mitarbeiter\/innen, die ihre gesamte Freizeit und ihr ganzes Geld f\u00fcr die Pflege unserer vierbeinigen Freunde aufwenden, ben\u00f6tigen Unterst\u00fctzung bzw. eine Vertretung zur Versorgung der verschiedenen Tiere. Ein G\u00e4stezimmer auf einer Finca wurde gerade renoviert und steht f\u00fcr das Projekt \u201eWork &amp; Travel\u201c (deutsch: Leben und Arbeiten) zur Verf\u00fcgung. Wir suchen verl\u00e4ssliche Menschen, die etwa vier bis f\u00fcnf Stunden am Tag aufwenden wollen, um gemeinsam mit uns oder selbstst\u00e4ndig als Vertretung die Tiere zu versorgen. Dies beinhaltet die Bereitstellung von Futter morgens und abends, die Reinigung der Tierh\u00e4user und Auffangstationen sowie allgemein nach dem Rechten zu sehen. Dazu kann auch mal das Einfangen von ausgeb\u00fcxten Katzenbabys z\u00e4hlen oder auch einfach nur eine Bestandsaufnahme aller Tiere vorzunehmen. Wenn Sie jemanden kennen, der Lust hat, uns zu helfen und dem das Wohl unserer Mitgesch\u00f6pfe ebenfalls am Herzen liegt, dann melden Sie sich bitte bei uns \u2013 Streicheleinheiten sind in diesem Urlaub \u00fcbrigens auch inklusive.<br><\/div><\/div><\/div><\/div><\/div><\/div><\/section><section id=\"section-203-93\" class=\" ct-section\" ><div class=\"ct-section-inner-wrap\"><img decoding=\"async\"  id=\"image-204-93\" alt=\"\" src=\"https:\/\/tierschutzstiftungen.de\/wp-content\/uploads\/tierschutzstiftungen-work-and-travel-mitarbeit-hund-koffer.jpg\" class=\"ct-image\"\/><\/div><\/section><section id=\"section-56-68\" class=\" ct-section\" ><div class=\"ct-section-inner-wrap\"><div id=\"new_columns-57-68\" class=\"ct-new-columns\" ><div id=\"div_block-58-68\" class=\"ct-div-block\" ><h2 id=\"headline-59-68\" class=\"ct-headline atomic-secondary-heading\">Kontakt<\/h2><div id=\"text_block-60-68\" class=\"ct-text-block atomic-subheading\" >Bei Fragen oder dem Wunsch zu helfen, z\u00f6gern Sie nicht mit uns Kontakt aufzunehmen!&nbsp;<br>Wir freuen uns jederzeit \u00fcber Ihre Hilfe!<\/div><div id=\"div_block-61-68\" class=\"ct-div-block atomic-contact-10-wrapper\" ><div id=\"fancy_icon-62-68\" class=\"ct-fancy-icon atomic-contact-10-icon\" ><svg id=\"svg-fancy_icon-62-68\"><use xlink:href=\"#FontAwesomeicon-phone-square\"><\/use><\/svg><\/div><a id=\"link_text-132-68\" class=\"ct-link-text\" href=\"tel:+4922860889848\" target=\"_self\"  >+49 228 60889-848<\/a><\/div><div id=\"div_block-64-68\" class=\"ct-div-block atomic-contact-10-wrapper\" ><div id=\"fancy_icon-65-68\" class=\"ct-fancy-icon atomic-contact-10-icon\" ><svg id=\"svg-fancy_icon-65-68\"><use xlink:href=\"#FontAwesomeicon-envelope\"><\/use><\/svg><\/div><a id=\"link_text-66-68\" class=\"ct-link-text\" href=\"mailto:support@example.com\" target=\"_self\"  >info@tierschutzstiftungen.de<\/a><\/div><h3 id=\"headline-67-68\" class=\"ct-headline atomic-tritary-heading\">Adresse<\/h3><div id=\"text_block-68-68\" class=\"ct-text-block atomic-contact-10-text\" >Herbert und Maria Welter<br>Tierschutzstiftung<br>Am Weiher 13<br>D-53229 Bonn<\/div><\/div><div id=\"div_block-71-68\" class=\"ct-div-block\" ><h3 id=\"headline-72-68\" class=\"ct-headline atomic-tritary-heading\">Kontaktformular<\/h3><div id=\"div_block-74-68\" class=\"ct-div-block\" ><div id=\"shortcode-23-174\" class=\"ct-shortcode\" ><div class='fluentform ff-default fluentform_wrapper_1 ffs_default_wrap'><form data-form_id=\"1\" id=\"fluentform_1\" class=\"frm-fluent-form fluent_form_1 ff-el-form-top ff_form_instance_1_1 ff-form-loading ffs_default\" data-form_instance=\"ff_form_instance_1_1\" method=\"POST\" ><fieldset  style=\"border: none!important;margin: 0!important;padding: 0!important;background-color: transparent!important;box-shadow: none!important;outline: none!important; min-inline-size: 100%;\">\n                    <legend class=\"ff_screen_reader_title\" style=\"display: block; margin: 0!important;padding: 0!important;height: 0!important;text-indent: -999999px;width: 0!important;overflow:hidden;\">Kontaktformular<\/legend>        <div\n                style=\"display: none!important; position: absolute!important; transform: translateX(1000%)!important;\"\n                class=\"ff-el-group ff-hpsf-container\"\n        >\n            <div class=\"ff-el-input--label asterisk-right\">\n                <label for=\"ff_1_item_sf\" aria-label=\"Updates\">\n                    Updates                <\/label>\n            <\/div>\n            <div class=\"ff-el-input--content\">\n                <input type=\"text\"\n                       name=\"item_1__fluent_sf\"\n                       class=\"ff-el-form-control\"\n                       id=\"ff_1_item_sf\"\n                \/>\n            <\/div>\n        <\/div>\n        <input type='hidden' name='__fluent_form_embded_post_id' value='93' \/><input type=\"hidden\" id=\"_fluentform_1_fluentformnonce\" name=\"_fluentform_1_fluentformnonce\" value=\"31e385482b\" \/><input type=\"hidden\" name=\"_wp_http_referer\" value=\"\/en\/wp-json\/wp\/v2\/pages\/93\" \/><div data-type=\"name-element\" data-name=\"names\" class=\" ff-field_container ff-name-field-wrapper\" ><div class='ff-t-container'><div class='ff-t-cell '><div class='ff-el-group'><div class=\"ff-el-input--label ff-el-is-required asterisk-left\"><label for='ff_1_names_first_name_' id='label_ff_1_names_first_name_' >Vorname<\/label><\/div><div class='ff-el-input--content'><input type=\"text\" name=\"names[first_name]\" id=\"ff_1_names_first_name_\" class=\"ff-el-form-control\" placeholder=\"Vorname\" aria-invalid=\"false\" aria-required=true><\/div><\/div><\/div><div class='ff-t-cell '><div class='ff-el-group'><div class=\"ff-el-input--label ff-el-is-required asterisk-left\"><label for='ff_1_names_last_name_' id='label_ff_1_names_last_name_' >Nachname<\/label><\/div><div class='ff-el-input--content'><input type=\"text\" name=\"names[last_name]\" id=\"ff_1_names_last_name_\" class=\"ff-el-form-control\" placeholder=\"Nachname\" aria-invalid=\"false\" aria-required=true><\/div><\/div><\/div><\/div><\/div><div class='ff-el-group'><div class=\"ff-el-input--label ff-el-is-required asterisk-left\"><label for='ff_1_email' id='label_ff_1_email' aria-label=\"E-Mail\">E-Mail<\/label><\/div><div class='ff-el-input--content'><input type=\"email\" name=\"email\" id=\"ff_1_email\" class=\"ff-el-form-control\" placeholder=\"E-Mail Adresse\" data-name=\"email\"  aria-invalid=\"false\" aria-required=true><\/div><\/div><div class='ff-el-group'><div class=\"ff-el-input--label ff-el-is-required asterisk-left\"><label for='ff_1_subject' id='label_ff_1_subject' aria-label=\"Betreff\">Betreff<\/label><\/div><div class='ff-el-input--content'><input type=\"text\" name=\"subject\" class=\"ff-el-form-control\" placeholder=\"Betreff\" data-name=\"subject\" id=\"ff_1_subject\"  aria-invalid=\"false\" aria-required=true><\/div><\/div><div class='ff-el-group'><div class=\"ff-el-input--label ff-el-is-required asterisk-left\"><label for='ff_1_message' id='label_ff_1_message' aria-label=\"Ihre Nachricht\">Ihre Nachricht<\/label><\/div><div class='ff-el-input--content'><textarea aria-required=\"true\" aria-labelledby=\"label_ff_1_message\" name=\"message\" id=\"ff_1_message\" class=\"ff-el-form-control\" placeholder=\"Nachricht\" rows=\"6\" cols=\"2\" data-name=\"message\" ><\/textarea><\/div><\/div><div class='ff-el-group    ff-el-input--content'><div class='ff-el-form-check ff-el-tc'><label aria-label='Terms and Conditions: Ich stimme der Verarbeitung meiner Daten zu. Datenschutzerkl\u00e4rung Contains 1 link. Use tab navigation to review.' class='ff-el-form-check-label ff_tc_label' for=gdpr-agreement_913aa049e087fd4730edac8129fb167a><span class='ff_tc_checkbox'><input type=\"checkbox\" name=\"gdpr-agreement\" class=\"ff-el-form-check-input ff_gdpr_field\" data-name=\"gdpr-agreement\" id=\"gdpr-agreement_913aa049e087fd4730edac8129fb167a\"  value='on' aria-invalid='false' aria-required=true><\/span> <div class='ff_t_c'>Ich stimme der Verarbeitung meiner Daten zu. <a href=\"https:\/\/tierschutzstiftungen.de\/datenschutzerklaerung\/\">Datenschutzerkl\u00e4rung<\/a><\/div><\/label><\/div><\/div><div class='ff-el-group ff-text-left ff_submit_btn_wrapper'><button type=\"submit\" class=\"ff-btn ff-btn-submit ff-btn-lg ff_btn_style wpf_has_custom_css\"  aria-label=\"SENDEN\">SENDEN<\/button><\/div><\/fieldset><\/form><div id='fluentform_1_errors' class='ff-errors-in-stack ff_form_instance_1_1 ff-form-loading_errors ff_form_instance_1_1_errors'><\/div><\/div>            <script type=\"text\/javascript\">\n                window.fluent_form_ff_form_instance_1_1 = {\"id\":\"1\",\"ajaxUrl\":\"https:\\\/\\\/tierschutzstiftungen.de\\\/wp-admin\\\/admin-ajax.php\",\"settings\":{\"layout\":{\"labelPlacement\":\"top\",\"helpMessagePlacement\":\"with_label\",\"errorMessagePlacement\":\"inline\",\"asteriskPlacement\":\"asterisk-left\"},\"id\":\"1\",\"restrictions\":{\"denyEmptySubmission\":{\"enabled\":false}}},\"form_instance\":\"ff_form_instance_1_1\",\"form_id_selector\":\"fluentform_1\",\"rules\":{\"names[first_name]\":{\"required\":{\"value\":true,\"message\":\"Erforderliches Feld\"}},\"names[middle_name]\":{\"required\":{\"value\":false,\"message\":\"This field is required\"}},\"names[last_name]\":{\"required\":{\"value\":true,\"message\":\"Erforderliches Feld\"}},\"email\":{\"required\":{\"value\":true,\"message\":\"Erforderliches Feld\"},\"email\":{\"value\":true,\"message\":\"This field must contain a valid email\"}},\"subject\":{\"required\":{\"value\":true,\"message\":\"Erforderliches Feld\"}},\"message\":{\"required\":{\"value\":true,\"message\":\"Erforderliches Feld\"}},\"gdpr-agreement\":{\"required\":{\"value\":true,\"message\":\"This field is required\"}}},\"debounce_time\":300};\n                            <\/script>\n            <\/div><\/div><\/div><\/div><\/div><\/section>","protected":false},"excerpt":{"rendered":"","protected":false},"author":1,"featured_media":0,"parent":0,"menu_order":50,"comment_status":"closed","ping_status":"closed","template":"","meta":{"_acf_changed":false,"footnotes":""},"class_list":["post-93","page","type-page","status-publish","hentry"],"acf":[],"_links":{"self":[{"href":"https:\/\/tierschutzstiftungen.de\/en\/wp-json\/wp\/v2\/pages\/93","targetHints":{"allow":["GET"]}}],"collection":[{"href":"https:\/\/tierschutzstiftungen.de\/en\/wp-json\/wp\/v2\/pages"}],"about":[{"href":"https:\/\/tierschutzstiftungen.de\/en\/wp-json\/wp\/v2\/types\/page"}],"author":[{"embeddable":true,"href":"https:\/\/tierschutzstiftungen.de\/en\/wp-json\/wp\/v2\/users\/1"}],"replies":[{"embeddable":true,"href":"https:\/\/tierschutzstiftungen.de\/en\/wp-json\/wp\/v2\/comments?post=93"}],"version-history":[{"count":0,"href":"https:\/\/tierschutzstiftungen.de\/en\/wp-json\/wp\/v2\/pages\/93\/revisions"}],"wp:attachment":[{"href":"https:\/\/tierschutzstiftungen.de\/en\/wp-json\/wp\/v2\/media?parent=93"}],"curies":[{"name":"wp","href":"https:\/\/api.w.org\/{rel}","templated":true}]}}